{"id":296074,"date":"2024-09-29T08:21:01","date_gmt":"2024-09-29T08:21:01","guid":{"rendered":"https:\/\/irankiuzona.lt\/product\/geleztes-siaurapjukliui-75mm-25mm-2vnt\/"},"modified":"2026-04-13T11:44:13","modified_gmt":"2026-04-13T11:44:13","slug":"geleztes-siaurapjukliui-75mm-25mm-2vnt","status":"publish","type":"product","link":"https:\/\/irankiuzona.lt\/ru\/product\/geleztes-siaurapjukliui-75mm-25mm-2vnt\/","title":{"rendered":"Gele\u017et\u0117s siaurapj\u016bkliui 75mm\/2,5mm 2vnt"},"content":{"rendered":"","protected":false},"excerpt":{"rendered":"<p>Gele\u017et\u0117s siaurapj\u016bkliui 75mm 2,5mm 2vnt<\/p>","protected":false},"featured_media":296076,"comment_status":"open","ping_status":"open","template":"","meta":[],"product_cat":[9624],"product_tag":[9646],"class_list":{"0":"post-296074","1":"product","2":"type-product","3":"status-publish","4":"has-post-thumbnail","6":"product_brand-drel-lenkija","7":"product_cat-geleztes-medziui","8":"product_tag-drel-lenkija","10":"first","11":"outofstock","12":"purchasable","13":"product-type-simple"},"jetpack_sharing_enabled":true,"_links":{"self":[{"href":"https:\/\/irankiuzona.lt\/ru\/wp-json\/wp\/v2\/product\/296074","targetHints":{"allow":["GET"]}}],"collection":[{"href":"https:\/\/irankiuzona.lt\/ru\/wp-json\/wp\/v2\/product"}],"about":[{"href":"https:\/\/irankiuzona.lt\/ru\/wp-json\/wp\/v2\/types\/product"}],"replies":[{"embeddable":true,"href":"https:\/\/irankiuzona.lt\/ru\/wp-json\/wp\/v2\/comments?post=296074"}],"version-history":[{"count":1,"href":"https:\/\/irankiuzona.lt\/ru\/wp-json\/wp\/v2\/product\/296074\/revisions"}],"predecessor-version":[{"id":417789,"href":"https:\/\/irankiuzona.lt\/ru\/wp-json\/wp\/v2\/product\/296074\/revisions\/417789"}],"wp:featuredmedia":[{"embeddable":true,"href":"https:\/\/irankiuzona.lt\/ru\/wp-json\/wp\/v2\/media\/296076"}],"wp:attachment":[{"href":"https:\/\/irankiuzona.lt\/ru\/wp-json\/wp\/v2\/media?parent=296074"}],"wp:term":[{"taxonomy":"product_cat","embeddable":true,"href":"https:\/\/irankiuzona.lt\/ru\/wp-json\/wp\/v2\/product_cat?post=296074"},{"taxonomy":"product_tag","embeddable":true,"href":"https:\/\/irankiuzona.lt\/ru\/wp-json\/wp\/v2\/product_tag?post=296074"}],"curies":[{"name":"wp","href":"https:\/\/api.w.org\/{rel}","templated":true}]}}