{"id":296114,"date":"2024-09-29T08:30:07","date_gmt":"2024-09-29T08:30:07","guid":{"rendered":"https:\/\/irankiuzona.lt\/product\/geleztes-siaurapjukliui-125275mm-5vnt\/"},"modified":"2026-04-13T11:44:23","modified_gmt":"2026-04-13T11:44:23","slug":"geleztes-siaurapjukliui-125275mm-5vnt","status":"publish","type":"product","link":"https:\/\/irankiuzona.lt\/ru\/product\/geleztes-siaurapjukliui-125275mm-5vnt\/","title":{"rendered":"Gele\u017et\u0117s siaurapj\u016bkliui 125*2,75mm 5vnt"},"content":{"rendered":"","protected":false},"excerpt":{"rendered":"<p>Gele\u017et\u0117s siaurapj\u016bkliui 125*2,75mm 5vntTinka medienai;plastikui;fanierai;med\u017eio dro\u017eli\u0173 plok\u0161t\u0117ms;laminatui.<\/p>","protected":false},"featured_media":296116,"comment_status":"open","ping_status":"open","template":"","meta":[],"product_cat":[9624],"product_tag":[9646],"class_list":{"0":"post-296114","1":"product","2":"type-product","3":"status-publish","4":"has-post-thumbnail","6":"product_brand-drel-lenkija","7":"product_cat-geleztes-medziui","8":"product_tag-drel-lenkija","10":"first","11":"outofstock","12":"purchasable","13":"product-type-simple"},"jetpack_sharing_enabled":true,"_links":{"self":[{"href":"https:\/\/irankiuzona.lt\/ru\/wp-json\/wp\/v2\/product\/296114","targetHints":{"allow":["GET"]}}],"collection":[{"href":"https:\/\/irankiuzona.lt\/ru\/wp-json\/wp\/v2\/product"}],"about":[{"href":"https:\/\/irankiuzona.lt\/ru\/wp-json\/wp\/v2\/types\/product"}],"replies":[{"embeddable":true,"href":"https:\/\/irankiuzona.lt\/ru\/wp-json\/wp\/v2\/comments?post=296114"}],"version-history":[{"count":1,"href":"https:\/\/irankiuzona.lt\/ru\/wp-json\/wp\/v2\/product\/296114\/revisions"}],"predecessor-version":[{"id":417803,"href":"https:\/\/irankiuzona.lt\/ru\/wp-json\/wp\/v2\/product\/296114\/revisions\/417803"}],"wp:featuredmedia":[{"embeddable":true,"href":"https:\/\/irankiuzona.lt\/ru\/wp-json\/wp\/v2\/media\/296116"}],"wp:attachment":[{"href":"https:\/\/irankiuzona.lt\/ru\/wp-json\/wp\/v2\/media?parent=296114"}],"wp:term":[{"taxonomy":"product_cat","embeddable":true,"href":"https:\/\/irankiuzona.lt\/ru\/wp-json\/wp\/v2\/product_cat?post=296114"},{"taxonomy":"product_tag","embeddable":true,"href":"https:\/\/irankiuzona.lt\/ru\/wp-json\/wp\/v2\/product_tag?post=296114"}],"curies":[{"name":"wp","href":"https:\/\/api.w.org\/{rel}","templated":true}]}}