{"id":296117,"date":"2024-09-29T08:30:07","date_gmt":"2024-09-29T08:30:07","guid":{"rendered":"https:\/\/irankiuzona.lt\/product\/pjovimo-diskas-medziui-50030mm-80-dantu\/"},"modified":"2026-04-17T11:21:18","modified_gmt":"2026-04-17T11:21:18","slug":"pjovimo-diskas-medziui-50030mm-80-dantu","status":"publish","type":"product","link":"https:\/\/irankiuzona.lt\/ru\/product\/pjovimo-diskas-medziui-50030mm-80-dantu\/","title":{"rendered":"Pjovimo diskas med\u017eiui  500*30mm 80 dant\u0173"},"content":{"rendered":"","protected":false},"excerpt":{"rendered":"<p>Pjovimo diskas med\u017eiui\u00a0 500*30mm 80 dant\u0173<\/p>","protected":false},"featured_media":296119,"comment_status":"open","ping_status":"open","template":"","meta":[],"product_cat":[9473],"product_tag":[9646],"class_list":{"0":"post-296117","1":"product","2":"type-product","3":"status-publish","4":"has-post-thumbnail","6":"product_brand-drel-lenkija","7":"product_cat-medzio-pjovimo-diskai","8":"product_tag-drel-lenkija","10":"first","11":"outofstock","12":"purchasable","13":"product-type-simple"},"jetpack_sharing_enabled":true,"_links":{"self":[{"href":"https:\/\/irankiuzona.lt\/ru\/wp-json\/wp\/v2\/product\/296117","targetHints":{"allow":["GET"]}}],"collection":[{"href":"https:\/\/irankiuzona.lt\/ru\/wp-json\/wp\/v2\/product"}],"about":[{"href":"https:\/\/irankiuzona.lt\/ru\/wp-json\/wp\/v2\/types\/product"}],"replies":[{"embeddable":true,"href":"https:\/\/irankiuzona.lt\/ru\/wp-json\/wp\/v2\/comments?post=296117"}],"version-history":[{"count":1,"href":"https:\/\/irankiuzona.lt\/ru\/wp-json\/wp\/v2\/product\/296117\/revisions"}],"predecessor-version":[{"id":417804,"href":"https:\/\/irankiuzona.lt\/ru\/wp-json\/wp\/v2\/product\/296117\/revisions\/417804"}],"wp:featuredmedia":[{"embeddable":true,"href":"https:\/\/irankiuzona.lt\/ru\/wp-json\/wp\/v2\/media\/296119"}],"wp:attachment":[{"href":"https:\/\/irankiuzona.lt\/ru\/wp-json\/wp\/v2\/media?parent=296117"}],"wp:term":[{"taxonomy":"product_cat","embeddable":true,"href":"https:\/\/irankiuzona.lt\/ru\/wp-json\/wp\/v2\/product_cat?post=296117"},{"taxonomy":"product_tag","embeddable":true,"href":"https:\/\/irankiuzona.lt\/ru\/wp-json\/wp\/v2\/product_tag?post=296117"}],"curies":[{"name":"wp","href":"https:\/\/api.w.org\/{rel}","templated":true}]}}