{"id":296126,"date":"2024-09-29T08:30:08","date_gmt":"2024-09-29T08:30:08","guid":{"rendered":"https:\/\/irankiuzona.lt\/product\/virve-murininko-15mm-100m-geltona\/"},"modified":"2026-04-21T12:00:28","modified_gmt":"2026-04-21T12:00:28","slug":"virve-murininko-15mm-100m-geltona","status":"publish","type":"product","link":"https:\/\/irankiuzona.lt\/ru\/product\/virve-murininko-15mm-100m-geltona\/","title":{"rendered":"Virv\u0117 m\u016brininko 1,5mm 100m geltona"},"content":{"rendered":"","protected":false},"excerpt":{"rendered":"<p>Virv\u0117 m\u016brininko 1,5mm 100m geltona<\/p>","protected":false},"featured_media":296128,"comment_status":"open","ping_status":"open","template":"","meta":[],"product_cat":[9447],"product_tag":[9716],"class_list":{"0":"post-296126","1":"product","2":"type-product","3":"status-publish","4":"has-post-thumbnail","6":"product_brand-jufisto-lenkija","7":"product_cat-virves","8":"product_tag-jufisto-lenkija","10":"first","11":"instock","12":"purchasable","13":"product-type-simple"},"jetpack_sharing_enabled":true,"_links":{"self":[{"href":"https:\/\/irankiuzona.lt\/ru\/wp-json\/wp\/v2\/product\/296126","targetHints":{"allow":["GET"]}}],"collection":[{"href":"https:\/\/irankiuzona.lt\/ru\/wp-json\/wp\/v2\/product"}],"about":[{"href":"https:\/\/irankiuzona.lt\/ru\/wp-json\/wp\/v2\/types\/product"}],"replies":[{"embeddable":true,"href":"https:\/\/irankiuzona.lt\/ru\/wp-json\/wp\/v2\/comments?post=296126"}],"version-history":[{"count":1,"href":"https:\/\/irankiuzona.lt\/ru\/wp-json\/wp\/v2\/product\/296126\/revisions"}],"predecessor-version":[{"id":417807,"href":"https:\/\/irankiuzona.lt\/ru\/wp-json\/wp\/v2\/product\/296126\/revisions\/417807"}],"wp:featuredmedia":[{"embeddable":true,"href":"https:\/\/irankiuzona.lt\/ru\/wp-json\/wp\/v2\/media\/296128"}],"wp:attachment":[{"href":"https:\/\/irankiuzona.lt\/ru\/wp-json\/wp\/v2\/media?parent=296126"}],"wp:term":[{"taxonomy":"product_cat","embeddable":true,"href":"https:\/\/irankiuzona.lt\/ru\/wp-json\/wp\/v2\/product_cat?post=296126"},{"taxonomy":"product_tag","embeddable":true,"href":"https:\/\/irankiuzona.lt\/ru\/wp-json\/wp\/v2\/product_tag?post=296126"}],"curies":[{"name":"wp","href":"https:\/\/api.w.org\/{rel}","templated":true}]}}