{"id":296233,"date":"2024-09-29T08:30:20","date_gmt":"2024-09-29T08:30:20","guid":{"rendered":"https:\/\/irankiuzona.lt\/product\/kujis-su-plastikiniu-kotu-5kg-hogert-ht3b097\/"},"modified":"2026-04-03T17:12:14","modified_gmt":"2026-04-03T17:12:14","slug":"kujis-su-plastikiniu-kotu-5kg-hogert-ht3b097","status":"publish","type":"product","link":"https:\/\/irankiuzona.lt\/ru\/product\/kujis-su-plastikiniu-kotu-5kg-hogert-ht3b097\/","title":{"rendered":"Kujis su plastikiniu kotu 5kg, HOGERT HT3B097"},"content":{"rendered":"<p>\u0160altkalvio plaktukas \/ k\u016bjis su stiklo pluo\u0161to rankena, skirtas renovacijos ir statybos darbams. U\u017etikrina saug\u0173 ir patog\u0173 darb\u0105Plaktuko pavir\u0161ius pagamintas i\u0161 anglies plienoKaltas ir gr\u016bdintas plaktuko pavir\u0161ius, didelis 50-58 HRC kietumasAtitinka Europos standart\u0105 DIN 1041Ergonomi\u0161ka, neslidi, dviej\u0173 komponent\u0173 stiklo pluo\u0161to rankena<\/p>","protected":false},"excerpt":{"rendered":"<p>Kujis su plastikiniu kotu 5kg<\/p>","protected":false},"featured_media":296235,"comment_status":"open","ping_status":"open","template":"","meta":[],"product_cat":[9459],"product_tag":[9969],"class_list":{"0":"post-296233","1":"product","2":"type-product","3":"status-publish","4":"has-post-thumbnail","6":"product_brand-hogert-technik-vokietija","7":"product_cat-kujai","8":"product_tag-hogert-technik-vokietija","10":"first","11":"instock","12":"purchasable","13":"product-type-simple"},"jetpack_sharing_enabled":true,"_links":{"self":[{"href":"https:\/\/irankiuzona.lt\/ru\/wp-json\/wp\/v2\/product\/296233","targetHints":{"allow":["GET"]}}],"collection":[{"href":"https:\/\/irankiuzona.lt\/ru\/wp-json\/wp\/v2\/product"}],"about":[{"href":"https:\/\/irankiuzona.lt\/ru\/wp-json\/wp\/v2\/types\/product"}],"replies":[{"embeddable":true,"href":"https:\/\/irankiuzona.lt\/ru\/wp-json\/wp\/v2\/comments?post=296233"}],"version-history":[{"count":0,"href":"https:\/\/irankiuzona.lt\/ru\/wp-json\/wp\/v2\/product\/296233\/revisions"}],"wp:featuredmedia":[{"embeddable":true,"href":"https:\/\/irankiuzona.lt\/ru\/wp-json\/wp\/v2\/media\/296235"}],"wp:attachment":[{"href":"https:\/\/irankiuzona.lt\/ru\/wp-json\/wp\/v2\/media?parent=296233"}],"wp:term":[{"taxonomy":"product_cat","embeddable":true,"href":"https:\/\/irankiuzona.lt\/ru\/wp-json\/wp\/v2\/product_cat?post=296233"},{"taxonomy":"product_tag","embeddable":true,"href":"https:\/\/irankiuzona.lt\/ru\/wp-json\/wp\/v2\/product_tag?post=296233"}],"curies":[{"name":"wp","href":"https:\/\/api.w.org\/{rel}","templated":true}]}}