{"id":296303,"date":"2024-09-29T08:30:27","date_gmt":"2024-09-29T08:30:27","guid":{"rendered":"https:\/\/irankiuzona.lt\/product\/specialios-reples-sugadintiems-varztams\/"},"modified":"2026-04-12T15:19:37","modified_gmt":"2026-04-12T15:19:37","slug":"specialios-reples-sugadintiems-varztams","status":"publish","type":"product","link":"https:\/\/irankiuzona.lt\/ru\/product\/specialios-reples-sugadintiems-varztams\/","title":{"rendered":"Specialios repl\u0117s sugadintiems var\u017etams"},"content":{"rendered":"","protected":false},"excerpt":{"rendered":"<p>Specialios repl\u0117s sugadintiems var\u017etams<\/p>","protected":false},"featured_media":296305,"comment_status":"open","ping_status":"open","template":"","meta":[],"product_cat":[9935],"product_tag":[9778],"class_list":{"0":"post-296303","1":"product","2":"type-product","3":"status-publish","4":"has-post-thumbnail","6":"product_brand-triumf-professional-tools-slovakija","7":"product_cat-kitos-reples-specializuotos-reples","8":"product_tag-triumf-professional-tools-slovakija","10":"first","11":"instock","12":"purchasable","13":"product-type-simple"},"jetpack_sharing_enabled":true,"_links":{"self":[{"href":"https:\/\/irankiuzona.lt\/ru\/wp-json\/wp\/v2\/product\/296303","targetHints":{"allow":["GET"]}}],"collection":[{"href":"https:\/\/irankiuzona.lt\/ru\/wp-json\/wp\/v2\/product"}],"about":[{"href":"https:\/\/irankiuzona.lt\/ru\/wp-json\/wp\/v2\/types\/product"}],"replies":[{"embeddable":true,"href":"https:\/\/irankiuzona.lt\/ru\/wp-json\/wp\/v2\/comments?post=296303"}],"version-history":[{"count":1,"href":"https:\/\/irankiuzona.lt\/ru\/wp-json\/wp\/v2\/product\/296303\/revisions"}],"predecessor-version":[{"id":417864,"href":"https:\/\/irankiuzona.lt\/ru\/wp-json\/wp\/v2\/product\/296303\/revisions\/417864"}],"wp:featuredmedia":[{"embeddable":true,"href":"https:\/\/irankiuzona.lt\/ru\/wp-json\/wp\/v2\/media\/296305"}],"wp:attachment":[{"href":"https:\/\/irankiuzona.lt\/ru\/wp-json\/wp\/v2\/media?parent=296303"}],"wp:term":[{"taxonomy":"product_cat","embeddable":true,"href":"https:\/\/irankiuzona.lt\/ru\/wp-json\/wp\/v2\/product_cat?post=296303"},{"taxonomy":"product_tag","embeddable":true,"href":"https:\/\/irankiuzona.lt\/ru\/wp-json\/wp\/v2\/product_tag?post=296303"}],"curies":[{"name":"wp","href":"https:\/\/api.w.org\/{rel}","templated":true}]}}