{"id":296385,"date":"2024-09-29T08:30:35","date_gmt":"2024-09-29T08:30:35","guid":{"rendered":"https:\/\/irankiuzona.lt\/product\/sablonas-stalvirscio-sujungimui\/"},"modified":"2026-04-13T09:37:42","modified_gmt":"2026-04-13T09:37:42","slug":"sablonas-stalvirscio-sujungimui","status":"publish","type":"product","link":"https:\/\/irankiuzona.lt\/ru\/product\/sablonas-stalvirscio-sujungimui\/","title":{"rendered":"\u0160ablonas stalvir\u0161\u010dio sujungimui"},"content":{"rendered":"<p>Milling template for routing table top joints. Made of laminated MDF board. External dimensions 1000 x 390 x 12 mm.<\/p>","protected":false},"excerpt":{"rendered":"<p>\u0160ablonas\u00a0stalvir\u0161\u010dio sujungimui<\/p>","protected":false},"featured_media":296387,"comment_status":"open","ping_status":"open","template":"","meta":[],"product_cat":[9847],"product_tag":[9716],"class_list":{"0":"post-296385","1":"product","2":"type-product","3":"status-publish","4":"has-post-thumbnail","6":"product_brand-jufisto-lenkija","7":"product_cat-stovai-laikikliai-grezimo-sablonai","8":"product_tag-jufisto-lenkija","10":"first","11":"instock","12":"purchasable","13":"product-type-simple"},"jetpack_sharing_enabled":true,"_links":{"self":[{"href":"https:\/\/irankiuzona.lt\/ru\/wp-json\/wp\/v2\/product\/296385","targetHints":{"allow":["GET"]}}],"collection":[{"href":"https:\/\/irankiuzona.lt\/ru\/wp-json\/wp\/v2\/product"}],"about":[{"href":"https:\/\/irankiuzona.lt\/ru\/wp-json\/wp\/v2\/types\/product"}],"replies":[{"embeddable":true,"href":"https:\/\/irankiuzona.lt\/ru\/wp-json\/wp\/v2\/comments?post=296385"}],"version-history":[{"count":1,"href":"https:\/\/irankiuzona.lt\/ru\/wp-json\/wp\/v2\/product\/296385\/revisions"}],"predecessor-version":[{"id":417891,"href":"https:\/\/irankiuzona.lt\/ru\/wp-json\/wp\/v2\/product\/296385\/revisions\/417891"}],"wp:featuredmedia":[{"embeddable":true,"href":"https:\/\/irankiuzona.lt\/ru\/wp-json\/wp\/v2\/media\/296387"}],"wp:attachment":[{"href":"https:\/\/irankiuzona.lt\/ru\/wp-json\/wp\/v2\/media?parent=296385"}],"wp:term":[{"taxonomy":"product_cat","embeddable":true,"href":"https:\/\/irankiuzona.lt\/ru\/wp-json\/wp\/v2\/product_cat?post=296385"},{"taxonomy":"product_tag","embeddable":true,"href":"https:\/\/irankiuzona.lt\/ru\/wp-json\/wp\/v2\/product_tag?post=296385"}],"curies":[{"name":"wp","href":"https:\/\/api.w.org\/{rel}","templated":true}]}}