{"id":296391,"date":"2024-09-29T08:30:36","date_gmt":"2024-09-29T08:30:36","guid":{"rendered":"https:\/\/irankiuzona.lt\/product\/reples-plyteliu-lyginimui\/"},"modified":"2026-04-17T11:21:31","modified_gmt":"2026-04-17T11:21:31","slug":"reples-plyteliu-lyginimui","status":"publish","type":"product","link":"https:\/\/irankiuzona.lt\/ru\/product\/reples-plyteliu-lyginimui\/","title":{"rendered":"Repl\u0117s plyteli\u0173 lyginimui"},"content":{"rendered":"","protected":false},"excerpt":{"rendered":"<p>Repl\u0117s plyteli\u0173 lyginimui<\/p>","protected":false},"featured_media":296393,"comment_status":"open","ping_status":"open","template":"","meta":[],"product_cat":[9455],"product_tag":[9628],"class_list":{"0":"post-296391","1":"product","2":"type-product","3":"status-publish","4":"has-post-thumbnail","6":"product_brand-condor-lenkija","7":"product_cat-irankiai-plytelems-stiklui-laminatui","8":"product_tag-condor-lenkija","10":"first","11":"outofstock","12":"purchasable","13":"product-type-simple"},"jetpack_sharing_enabled":true,"_links":{"self":[{"href":"https:\/\/irankiuzona.lt\/ru\/wp-json\/wp\/v2\/product\/296391","targetHints":{"allow":["GET"]}}],"collection":[{"href":"https:\/\/irankiuzona.lt\/ru\/wp-json\/wp\/v2\/product"}],"about":[{"href":"https:\/\/irankiuzona.lt\/ru\/wp-json\/wp\/v2\/types\/product"}],"replies":[{"embeddable":true,"href":"https:\/\/irankiuzona.lt\/ru\/wp-json\/wp\/v2\/comments?post=296391"}],"version-history":[{"count":1,"href":"https:\/\/irankiuzona.lt\/ru\/wp-json\/wp\/v2\/product\/296391\/revisions"}],"predecessor-version":[{"id":417893,"href":"https:\/\/irankiuzona.lt\/ru\/wp-json\/wp\/v2\/product\/296391\/revisions\/417893"}],"wp:featuredmedia":[{"embeddable":true,"href":"https:\/\/irankiuzona.lt\/ru\/wp-json\/wp\/v2\/media\/296393"}],"wp:attachment":[{"href":"https:\/\/irankiuzona.lt\/ru\/wp-json\/wp\/v2\/media?parent=296391"}],"wp:term":[{"taxonomy":"product_cat","embeddable":true,"href":"https:\/\/irankiuzona.lt\/ru\/wp-json\/wp\/v2\/product_cat?post=296391"},{"taxonomy":"product_tag","embeddable":true,"href":"https:\/\/irankiuzona.lt\/ru\/wp-json\/wp\/v2\/product_tag?post=296391"}],"curies":[{"name":"wp","href":"https:\/\/api.w.org\/{rel}","templated":true}]}}