{"id":296423,"date":"2024-09-29T08:30:39","date_gmt":"2024-09-29T08:30:39","guid":{"rendered":"https:\/\/irankiuzona.lt\/product\/deimantinis-diskas-350122223-mm\/"},"modified":"2026-05-16T13:42:25","modified_gmt":"2026-05-16T13:42:25","slug":"deimantinis-diskas-350122223-mm","status":"publish","type":"product","link":"https:\/\/irankiuzona.lt\/ru\/product\/deimantinis-diskas-350122223-mm\/","title":{"rendered":"Deimantinis diskas  350*12*22,23 mm"},"content":{"rendered":"<p>\u2022 Ilgas tarnavimo laikas.<br \/>\n\u2022 Perforuotas lak\u0161tas geresniam au\u0161inimui<br \/>\n\u2022 Puikus na\u0161umas naudojant daugyb\u0119 med\u017eiag\u0173.<br \/>\n\u2022 Tik sausam pjovimui<br \/>\n\u2022 350*12*22,23 mm<\/p>","protected":false},"excerpt":{"rendered":"<p>Deimantinis diskas universalus 350*12*22,23 mm<\/p>","protected":false},"featured_media":296425,"comment_status":"open","ping_status":"open","template":"","meta":[],"product_cat":[9725],"product_tag":[9478],"class_list":{"0":"post-296423","1":"product","2":"type-product","3":"status-publish","4":"has-post-thumbnail","6":"product_brand-leman-prancuzija","7":"product_cat-betono-pjovimo-diskai","8":"product_tag-leman-prancuzija","10":"first","11":"instock","12":"purchasable","13":"product-type-simple"},"jetpack_sharing_enabled":true,"_links":{"self":[{"href":"https:\/\/irankiuzona.lt\/ru\/wp-json\/wp\/v2\/product\/296423","targetHints":{"allow":["GET"]}}],"collection":[{"href":"https:\/\/irankiuzona.lt\/ru\/wp-json\/wp\/v2\/product"}],"about":[{"href":"https:\/\/irankiuzona.lt\/ru\/wp-json\/wp\/v2\/types\/product"}],"replies":[{"embeddable":true,"href":"https:\/\/irankiuzona.lt\/ru\/wp-json\/wp\/v2\/comments?post=296423"}],"version-history":[{"count":1,"href":"https:\/\/irankiuzona.lt\/ru\/wp-json\/wp\/v2\/product\/296423\/revisions"}],"predecessor-version":[{"id":417902,"href":"https:\/\/irankiuzona.lt\/ru\/wp-json\/wp\/v2\/product\/296423\/revisions\/417902"}],"wp:featuredmedia":[{"embeddable":true,"href":"https:\/\/irankiuzona.lt\/ru\/wp-json\/wp\/v2\/media\/296425"}],"wp:attachment":[{"href":"https:\/\/irankiuzona.lt\/ru\/wp-json\/wp\/v2\/media?parent=296423"}],"wp:term":[{"taxonomy":"product_cat","embeddable":true,"href":"https:\/\/irankiuzona.lt\/ru\/wp-json\/wp\/v2\/product_cat?post=296423"},{"taxonomy":"product_tag","embeddable":true,"href":"https:\/\/irankiuzona.lt\/ru\/wp-json\/wp\/v2\/product_tag?post=296423"}],"curies":[{"name":"wp","href":"https:\/\/api.w.org\/{rel}","templated":true}]}}