{"id":296484,"date":"2024-09-29T08:30:45","date_gmt":"2024-09-29T08:30:45","guid":{"rendered":"https:\/\/irankiuzona.lt\/product\/smugine-galvute-3-4-e28-ilga-e-profil\/"},"modified":"2026-04-07T05:01:22","modified_gmt":"2026-04-07T05:01:22","slug":"smugine-galvute-3-4-e28-ilga-e-profil","status":"publish","type":"product","link":"https:\/\/irankiuzona.lt\/ru\/product\/smugine-galvute-3-4-e28-ilga-e-profil\/","title":{"rendered":"Sm\u016bgin\u0117 galvut\u0117 3\/4&quot; E28 ilga (E-profil)"},"content":{"rendered":"<p>Descriptionfor both manual and impact wrenchescan be fixed on impact wrench by pin and O-ringTechnical dataDrive profile Internal squareDrive profile size, inch 3\/4 &quot;Drive profile size, metric 20 mmOutput profile E-TypeWrench size E28Material Chrome Molybdenum SteelLength 110 mm<\/p>","protected":false},"excerpt":{"rendered":"<p>Galvut\u0117 3\/4 E28 ilga (E-profil)<\/p>","protected":false},"featured_media":296486,"comment_status":"open","ping_status":"open","template":"","meta":[],"product_cat":[9743],"product_tag":[9845],"class_list":{"0":"post-296484","1":"product","2":"type-product","3":"status-publish","4":"has-post-thumbnail","6":"product_brand-vokietija-germany","7":"product_cat-cr-mo-smugines-galvutes-e-profil-torx","8":"product_tag-vokietija-germany","10":"first","11":"instock","12":"purchasable","13":"product-type-simple"},"jetpack_sharing_enabled":true,"_links":{"self":[{"href":"https:\/\/irankiuzona.lt\/ru\/wp-json\/wp\/v2\/product\/296484","targetHints":{"allow":["GET"]}}],"collection":[{"href":"https:\/\/irankiuzona.lt\/ru\/wp-json\/wp\/v2\/product"}],"about":[{"href":"https:\/\/irankiuzona.lt\/ru\/wp-json\/wp\/v2\/types\/product"}],"replies":[{"embeddable":true,"href":"https:\/\/irankiuzona.lt\/ru\/wp-json\/wp\/v2\/comments?post=296484"}],"version-history":[{"count":0,"href":"https:\/\/irankiuzona.lt\/ru\/wp-json\/wp\/v2\/product\/296484\/revisions"}],"wp:featuredmedia":[{"embeddable":true,"href":"https:\/\/irankiuzona.lt\/ru\/wp-json\/wp\/v2\/media\/296486"}],"wp:attachment":[{"href":"https:\/\/irankiuzona.lt\/ru\/wp-json\/wp\/v2\/media?parent=296484"}],"wp:term":[{"taxonomy":"product_cat","embeddable":true,"href":"https:\/\/irankiuzona.lt\/ru\/wp-json\/wp\/v2\/product_cat?post=296484"},{"taxonomy":"product_tag","embeddable":true,"href":"https:\/\/irankiuzona.lt\/ru\/wp-json\/wp\/v2\/product_tag?post=296484"}],"curies":[{"name":"wp","href":"https:\/\/api.w.org\/{rel}","templated":true}]}}