{"id":296516,"date":"2024-09-29T08:30:48","date_gmt":"2024-09-29T08:30:48","guid":{"rendered":"https:\/\/irankiuzona.lt\/product\/benzino-zvakiu-sriegio-ivores-m12x125-11mm-ilgio-4vnt\/"},"modified":"2026-04-14T04:42:31","modified_gmt":"2026-04-14T04:42:31","slug":"benzino-zvakiu-sriegio-ivores-m12x125-11mm-ilgio-4vnt","status":"publish","type":"product","link":"https:\/\/irankiuzona.lt\/ru\/product\/benzino-zvakiu-sriegio-ivores-m12x125-11mm-ilgio-4vnt\/","title":{"rendered":"Benzino \u017evaki\u0173 sriegio \u012fvor\u0117s M12x1,25 11mm ilgio\/4vnt"},"content":{"rendered":"<p>DescriptionReplacement thread inserts for spark plug thread repair kit product 166Scope of delivery:replacement thread insert set, 9.5 mm, M12 x 1.25replacement thread insert set, 11.5 mm, M12 x 1.25replacement thread insert set, 12.7 mm, M12 x 1.25replacement thread insert set, 19 mm, M12 x 1.25Technical dataGross weight 20 gFor thread\/incline M12 x 1,25Packaging suitable for wall hanging Yes<\/p>","protected":false},"excerpt":{"rendered":"<p>Benzino \u017evaki\u0173 sriegio \u012fvor\u0117s M12x1,25 11mm ilgio\/4vnt<\/p>","protected":false},"featured_media":296518,"comment_status":"open","ping_status":"open","template":"","meta":[],"product_cat":[9686],"product_tag":[9845],"class_list":{"0":"post-296516","1":"product","2":"type-product","3":"status-publish","4":"has-post-thumbnail","6":"product_brand-vokietija-germany","7":"product_cat-sriegiai-ivores-zvakems","8":"product_tag-vokietija-germany","10":"first","11":"outofstock","12":"purchasable","13":"product-type-simple"},"jetpack_sharing_enabled":true,"_links":{"self":[{"href":"https:\/\/irankiuzona.lt\/ru\/wp-json\/wp\/v2\/product\/296516","targetHints":{"allow":["GET"]}}],"collection":[{"href":"https:\/\/irankiuzona.lt\/ru\/wp-json\/wp\/v2\/product"}],"about":[{"href":"https:\/\/irankiuzona.lt\/ru\/wp-json\/wp\/v2\/types\/product"}],"replies":[{"embeddable":true,"href":"https:\/\/irankiuzona.lt\/ru\/wp-json\/wp\/v2\/comments?post=296516"}],"version-history":[{"count":1,"href":"https:\/\/irankiuzona.lt\/ru\/wp-json\/wp\/v2\/product\/296516\/revisions"}],"predecessor-version":[{"id":417931,"href":"https:\/\/irankiuzona.lt\/ru\/wp-json\/wp\/v2\/product\/296516\/revisions\/417931"}],"wp:featuredmedia":[{"embeddable":true,"href":"https:\/\/irankiuzona.lt\/ru\/wp-json\/wp\/v2\/media\/296518"}],"wp:attachment":[{"href":"https:\/\/irankiuzona.lt\/ru\/wp-json\/wp\/v2\/media?parent=296516"}],"wp:term":[{"taxonomy":"product_cat","embeddable":true,"href":"https:\/\/irankiuzona.lt\/ru\/wp-json\/wp\/v2\/product_cat?post=296516"},{"taxonomy":"product_tag","embeddable":true,"href":"https:\/\/irankiuzona.lt\/ru\/wp-json\/wp\/v2\/product_tag?post=296516"}],"curies":[{"name":"wp","href":"https:\/\/api.w.org\/{rel}","templated":true}]}}