{"id":297570,"date":"2024-09-29T12:10:35","date_gmt":"2024-09-29T12:10:35","guid":{"rendered":"https:\/\/irankiuzona.lt\/product\/kojeles-antivibracines-skalbimo-masinai-o-65-x-20-mm-4-vnt\/"},"modified":"2026-04-15T08:21:29","modified_gmt":"2026-04-15T08:21:29","slug":"kojeles-antivibracines-skalbimo-masinai-o-65-x-20-mm-4-vnt","status":"publish","type":"product","link":"https:\/\/irankiuzona.lt\/ru\/product\/kojeles-antivibracines-skalbimo-masinai-o-65-x-20-mm-4-vnt\/","title":{"rendered":"Kojel\u0117s antivibracin\u0117s skalbimo ma\u0161inai \u00d8 65 x 20 mm \/ 4 vnt."},"content":{"rendered":"<p>&#8211; tinka visoms skalbimo ma\u0161inoms- Neslystant\u010dios kojel\u0117s- spalva: pilka- skersmuo : 65 mm- Auk\u0161tis : 20 mm<\/p>","protected":false},"excerpt":{"rendered":"<p>Kojel\u0117s antivibracin\u0117s skalbimo ma\u0161inai \u00d8 65 x 20 mm \/ 4 vnt.<\/p>","protected":false},"featured_media":297572,"comment_status":"open","ping_status":"open","template":"","meta":[],"product_cat":[9998],"product_tag":[9845],"class_list":{"0":"post-297570","1":"product","2":"type-product","3":"status-publish","4":"has-post-thumbnail","6":"product_brand-vokietija-germany","7":"product_cat-patalpu-remonto-irankiai-maisai-tentai-peiliukai-markeriai-izoliacines-juostos","8":"product_tag-vokietija-germany","10":"first","11":"instock","12":"purchasable","13":"product-type-simple"},"jetpack_sharing_enabled":true,"_links":{"self":[{"href":"https:\/\/irankiuzona.lt\/ru\/wp-json\/wp\/v2\/product\/297570","targetHints":{"allow":["GET"]}}],"collection":[{"href":"https:\/\/irankiuzona.lt\/ru\/wp-json\/wp\/v2\/product"}],"about":[{"href":"https:\/\/irankiuzona.lt\/ru\/wp-json\/wp\/v2\/types\/product"}],"replies":[{"embeddable":true,"href":"https:\/\/irankiuzona.lt\/ru\/wp-json\/wp\/v2\/comments?post=297570"}],"version-history":[{"count":1,"href":"https:\/\/irankiuzona.lt\/ru\/wp-json\/wp\/v2\/product\/297570\/revisions"}],"predecessor-version":[{"id":421630,"href":"https:\/\/irankiuzona.lt\/ru\/wp-json\/wp\/v2\/product\/297570\/revisions\/421630"}],"wp:featuredmedia":[{"embeddable":true,"href":"https:\/\/irankiuzona.lt\/ru\/wp-json\/wp\/v2\/media\/297572"}],"wp:attachment":[{"href":"https:\/\/irankiuzona.lt\/ru\/wp-json\/wp\/v2\/media?parent=297570"}],"wp:term":[{"taxonomy":"product_cat","embeddable":true,"href":"https:\/\/irankiuzona.lt\/ru\/wp-json\/wp\/v2\/product_cat?post=297570"},{"taxonomy":"product_tag","embeddable":true,"href":"https:\/\/irankiuzona.lt\/ru\/wp-json\/wp\/v2\/product_tag?post=297570"}],"curies":[{"name":"wp","href":"https:\/\/api.w.org\/{rel}","templated":true}]}}