{"id":297905,"date":"2024-09-29T13:30:49","date_gmt":"2024-09-29T13:30:49","guid":{"rendered":"https:\/\/irankiuzona.lt\/product\/verzles-metrines-m4-m10-150vnt\/"},"modified":"2026-05-10T01:13:45","modified_gmt":"2026-05-10T01:13:45","slug":"verzles-metrines-m4-m10-150vnt","status":"publish","type":"product","link":"https:\/\/irankiuzona.lt\/ru\/product\/verzles-metrines-m4-m10-150vnt\/","title":{"rendered":"Ver\u017el\u0117s metrin\u0117s M4-M10 \/ 150vnt."},"content":{"rendered":"<p>Bendra informacija:<br \/>\nTipas: sparnuotos ver\u017el\u0117s (ranken\u0117l\u0117s \/ sparneliai)Vienet\u0173 skai\u010dius rinkinyje: 150 vnt. Dydis: M4, M5, M6, M8, M10Rinkin\u012f sudaro:<br \/>\n40 vnt x M440vnt x M525vnt x M625vnt x M810 vnt x M1010 vnt x M10<\/p>","protected":false},"excerpt":{"rendered":"<p>Ver\u017el\u0117s metrin\u0117s M4-M10 \/ 150vnt.<\/p>","protected":false},"featured_media":297907,"comment_status":"open","ping_status":"open","template":"","meta":[],"product_cat":[9438],"product_tag":[10151],"class_list":{"0":"post-297905","1":"product","2":"type-product","3":"status-publish","4":"has-post-thumbnail","6":"product_brand-lenkija-tiekejas","7":"product_cat-tarpines-savarzos-smeiges-kaisciai-ir-kiti-rinkiniai","8":"product_tag-lenkija-tiekejas","10":"first","11":"instock","12":"purchasable","13":"product-type-simple"},"jetpack_sharing_enabled":true,"_links":{"self":[{"href":"https:\/\/irankiuzona.lt\/ru\/wp-json\/wp\/v2\/product\/297905","targetHints":{"allow":["GET"]}}],"collection":[{"href":"https:\/\/irankiuzona.lt\/ru\/wp-json\/wp\/v2\/product"}],"about":[{"href":"https:\/\/irankiuzona.lt\/ru\/wp-json\/wp\/v2\/types\/product"}],"replies":[{"embeddable":true,"href":"https:\/\/irankiuzona.lt\/ru\/wp-json\/wp\/v2\/comments?post=297905"}],"version-history":[{"count":1,"href":"https:\/\/irankiuzona.lt\/ru\/wp-json\/wp\/v2\/product\/297905\/revisions"}],"predecessor-version":[{"id":423198,"href":"https:\/\/irankiuzona.lt\/ru\/wp-json\/wp\/v2\/product\/297905\/revisions\/423198"}],"wp:featuredmedia":[{"embeddable":true,"href":"https:\/\/irankiuzona.lt\/ru\/wp-json\/wp\/v2\/media\/297907"}],"wp:attachment":[{"href":"https:\/\/irankiuzona.lt\/ru\/wp-json\/wp\/v2\/media?parent=297905"}],"wp:term":[{"taxonomy":"product_cat","embeddable":true,"href":"https:\/\/irankiuzona.lt\/ru\/wp-json\/wp\/v2\/product_cat?post=297905"},{"taxonomy":"product_tag","embeddable":true,"href":"https:\/\/irankiuzona.lt\/ru\/wp-json\/wp\/v2\/product_tag?post=297905"}],"curies":[{"name":"wp","href":"https:\/\/api.w.org\/{rel}","templated":true}]}}