{"id":298198,"date":"2024-09-29T14:03:40","date_gmt":"2024-09-29T14:03:40","guid":{"rendered":"https:\/\/irankiuzona.lt\/product\/hidraulinis-domkratas-3t-85-430mm\/"},"modified":"2026-04-12T07:28:42","modified_gmt":"2026-04-12T07:28:42","slug":"hidraulinis-domkratas-3t-85-430mm","status":"publish","type":"product","link":"https:\/\/irankiuzona.lt\/ru\/product\/hidraulinis-domkratas-3t-85-430mm\/","title":{"rendered":"Hidraulinis domkratas 3T \/ 85-430mm"},"content":{"rendered":"<p>\u017demo profilioDu st\u016bmokliaiKeliamoji galia 3.0tMin auk\u0161tis 85mmMax auk\u0161tis 430mm<\/p>","protected":false},"excerpt":{"rendered":"<p>Hidraulinis pa\u017eemintas domkratas 3Ton\u0173 \/ 85-430mm<\/p>","protected":false},"featured_media":298200,"comment_status":"open","ping_status":"open","template":"","meta":[],"product_cat":[9959],"product_tag":[],"class_list":{"0":"post-298198","1":"product","2":"type-product","3":"status-publish","4":"has-post-thumbnail","6":"product_cat-domkratai-hidrauliniai","8":"first","9":"outofstock","10":"purchasable","11":"product-type-simple"},"jetpack_sharing_enabled":true,"_links":{"self":[{"href":"https:\/\/irankiuzona.lt\/ru\/wp-json\/wp\/v2\/product\/298198","targetHints":{"allow":["GET"]}}],"collection":[{"href":"https:\/\/irankiuzona.lt\/ru\/wp-json\/wp\/v2\/product"}],"about":[{"href":"https:\/\/irankiuzona.lt\/ru\/wp-json\/wp\/v2\/types\/product"}],"replies":[{"embeddable":true,"href":"https:\/\/irankiuzona.lt\/ru\/wp-json\/wp\/v2\/comments?post=298198"}],"version-history":[{"count":1,"href":"https:\/\/irankiuzona.lt\/ru\/wp-json\/wp\/v2\/product\/298198\/revisions"}],"predecessor-version":[{"id":424298,"href":"https:\/\/irankiuzona.lt\/ru\/wp-json\/wp\/v2\/product\/298198\/revisions\/424298"}],"wp:featuredmedia":[{"embeddable":true,"href":"https:\/\/irankiuzona.lt\/ru\/wp-json\/wp\/v2\/media\/298200"}],"wp:attachment":[{"href":"https:\/\/irankiuzona.lt\/ru\/wp-json\/wp\/v2\/media?parent=298198"}],"wp:term":[{"taxonomy":"product_cat","embeddable":true,"href":"https:\/\/irankiuzona.lt\/ru\/wp-json\/wp\/v2\/product_cat?post=298198"},{"taxonomy":"product_tag","embeddable":true,"href":"https:\/\/irankiuzona.lt\/ru\/wp-json\/wp\/v2\/product_tag?post=298198"}],"curies":[{"name":"wp","href":"https:\/\/api.w.org\/{rel}","templated":true}]}}