{"id":298515,"date":"2024-09-29T14:06:38","date_gmt":"2024-09-29T14:06:38","guid":{"rendered":"https:\/\/irankiuzona.lt\/product\/endoskopas-su-wifi-o8mm-x-5m-ilgio\/"},"modified":"2026-04-16T07:15:36","modified_gmt":"2026-04-16T07:15:36","slug":"endoskopas-su-wifi-o8mm-x-5m-ilgio","status":"publish","type":"product","link":"https:\/\/irankiuzona.lt\/ru\/product\/endoskopas-su-wifi-o8mm-x-5m-ilgio\/","title":{"rendered":"Endoskopas su wifi, \u00d88mm x 5m ilgio"},"content":{"rendered":"<p>Kabelio ilgis 5 m Kameros ap\u0161vietimas 8 LED lemput\u0117s Rezoliucija VGA 640 * 480; HD 1280 * 720; HD 1920 * 1080<br \/>\nSkaitmeninis priartinimas 1.0x; 1.5x, 2.0x<br \/>\nObjektyvo skersmuo 8 mm Atsparus vandeniui IP67 Duomen\u0173 perkelimas WI-FI pagalba iki 5m Maitinimo \u0161altinis: i\u0161 USB prievado Type-C Gali palaikyti iOS \/ \u201eAndroid\u201c \/ Windows \/ MAC\u00a0 Gali \u012fra\u0161yti vaizdo ir garso \u012fra\u0161us, failai bus tiesiogiai saugomi j\u016bs\u0173 telefone Patogus steb\u0117jimas ir tolesn\u0117 analiz\u0117 IP67 vandeniui atspari kamera \u0160viesos mygtukas, naudojamas valdyti 6 LED lemputes, kad veikt\u0173 tamsiose vietose Galima greitai prijungti prie \u012fvairi\u0173 tip\u0173 i\u0161mani\u0173j\u0173 telefon\u0173<br \/>\nVeikimo\/\u012ekrovimo laikas 2.5\/1.5 h<br \/>\niOS ir Android aplikacija telefone &quot;ANESOK&quot;<\/p>","protected":false},"excerpt":{"rendered":"<p>Kamera &#8211; endoskopas su wifi, \u00d88mm diametro x 5m ilgio<\/p>","protected":false},"featured_media":298517,"comment_status":"open","ping_status":"open","template":"","meta":[],"product_cat":[10126],"product_tag":[9435],"class_list":{"0":"post-298515","1":"product","2":"type-product","3":"status-publish","4":"has-post-thumbnail","6":"product_brand-kinija","7":"product_cat-endoskopai-kameros","8":"product_tag-kinija","10":"first","11":"outofstock","12":"purchasable","13":"product-type-simple"},"jetpack_sharing_enabled":true,"_links":{"self":[{"href":"https:\/\/irankiuzona.lt\/ru\/wp-json\/wp\/v2\/product\/298515","targetHints":{"allow":["GET"]}}],"collection":[{"href":"https:\/\/irankiuzona.lt\/ru\/wp-json\/wp\/v2\/product"}],"about":[{"href":"https:\/\/irankiuzona.lt\/ru\/wp-json\/wp\/v2\/types\/product"}],"replies":[{"embeddable":true,"href":"https:\/\/irankiuzona.lt\/ru\/wp-json\/wp\/v2\/comments?post=298515"}],"version-history":[{"count":1,"href":"https:\/\/irankiuzona.lt\/ru\/wp-json\/wp\/v2\/product\/298515\/revisions"}],"predecessor-version":[{"id":425159,"href":"https:\/\/irankiuzona.lt\/ru\/wp-json\/wp\/v2\/product\/298515\/revisions\/425159"}],"wp:featuredmedia":[{"embeddable":true,"href":"https:\/\/irankiuzona.lt\/ru\/wp-json\/wp\/v2\/media\/298517"}],"wp:attachment":[{"href":"https:\/\/irankiuzona.lt\/ru\/wp-json\/wp\/v2\/media?parent=298515"}],"wp:term":[{"taxonomy":"product_cat","embeddable":true,"href":"https:\/\/irankiuzona.lt\/ru\/wp-json\/wp\/v2\/product_cat?post=298515"},{"taxonomy":"product_tag","embeddable":true,"href":"https:\/\/irankiuzona.lt\/ru\/wp-json\/wp\/v2\/product_tag?post=298515"}],"curies":[{"name":"wp","href":"https:\/\/api.w.org\/{rel}","templated":true}]}}