{"id":298518,"date":"2024-09-29T14:06:38","date_gmt":"2024-09-29T14:06:38","guid":{"rendered":"https:\/\/irankiuzona.lt\/product\/endoskopas-su-lcd-o8mm-x-5m-ilgio\/"},"modified":"2026-04-16T07:15:36","modified_gmt":"2026-04-16T07:15:36","slug":"endoskopas-su-lcd-o8mm-x-5m-ilgio","status":"publish","type":"product","link":"https:\/\/irankiuzona.lt\/ru\/product\/endoskopas-su-lcd-o8mm-x-5m-ilgio\/","title":{"rendered":"Endoskopas su LCD, \u00d88mm x 5m ilgio"},"content":{"rendered":"<p>Profesionali ap\u017ei\u016bros kamera su ekranu Po ekranu esan\u010diais mygtukais galite patogiai valdyti visus vaizdo ir \u012frenginio nustatymus Leid\u017eia \u012fd\u0117ti atminties kortel\u0119 iki 64 GB, kurioje galite tiesiogiai i\u0161saugoti u\u017efiksuot\u0173 objekt\u0173 nuotraukas ir vaizdo \u012fra\u0161us Turi 8 didelio ry\u0161kumo \u0161viesos diodus, kurie leis dirbti \u012fvairiomis ap\u0161vietimo s\u0105lygomis Kabelis L= 5 m yra lankstus, tod\u0117l j\u012f lengvai suformuosite 4.3&quot; LCD ekranas Fotoaparato kokyb\u0117 1920 x 1080 P Objektyvo skersmuo 8 mm Tik vandeniui atsparus objektyvas \/ lempa Baterijos talpa 2000 mAh\u00a0 Baterijos veikimo laikas 3 val \u012ekrovimas tik per USB jungt\u012f<\/p>","protected":false},"excerpt":{"rendered":"<p>Kamera &#8211; Endoskopas su LCD, \u00d8 8mm diametro x 5m ilgio<\/p>","protected":false},"featured_media":298520,"comment_status":"open","ping_status":"open","template":"","meta":[],"product_cat":[10126],"product_tag":[9435],"class_list":{"0":"post-298518","1":"product","2":"type-product","3":"status-publish","4":"has-post-thumbnail","6":"product_brand-kinija","7":"product_cat-endoskopai-kameros","8":"product_tag-kinija","10":"first","11":"instock","12":"purchasable","13":"product-type-simple"},"jetpack_sharing_enabled":true,"_links":{"self":[{"href":"https:\/\/irankiuzona.lt\/ru\/wp-json\/wp\/v2\/product\/298518","targetHints":{"allow":["GET"]}}],"collection":[{"href":"https:\/\/irankiuzona.lt\/ru\/wp-json\/wp\/v2\/product"}],"about":[{"href":"https:\/\/irankiuzona.lt\/ru\/wp-json\/wp\/v2\/types\/product"}],"replies":[{"embeddable":true,"href":"https:\/\/irankiuzona.lt\/ru\/wp-json\/wp\/v2\/comments?post=298518"}],"version-history":[{"count":1,"href":"https:\/\/irankiuzona.lt\/ru\/wp-json\/wp\/v2\/product\/298518\/revisions"}],"predecessor-version":[{"id":425160,"href":"https:\/\/irankiuzona.lt\/ru\/wp-json\/wp\/v2\/product\/298518\/revisions\/425160"}],"wp:featuredmedia":[{"embeddable":true,"href":"https:\/\/irankiuzona.lt\/ru\/wp-json\/wp\/v2\/media\/298520"}],"wp:attachment":[{"href":"https:\/\/irankiuzona.lt\/ru\/wp-json\/wp\/v2\/media?parent=298518"}],"wp:term":[{"taxonomy":"product_cat","embeddable":true,"href":"https:\/\/irankiuzona.lt\/ru\/wp-json\/wp\/v2\/product_cat?post=298518"},{"taxonomy":"product_tag","embeddable":true,"href":"https:\/\/irankiuzona.lt\/ru\/wp-json\/wp\/v2\/product_tag?post=298518"}],"curies":[{"name":"wp","href":"https:\/\/api.w.org\/{rel}","templated":true}]}}