{"id":311749,"date":"2024-09-29T14:03:19","date_gmt":"2024-09-29T14:03:19","guid":{"rendered":"https:\/\/irankiuzona.lt\/product\/kuginis-graztas-557mm\/"},"modified":"2026-05-09T11:12:36","modified_gmt":"2026-05-09T11:12:36","slug":"kuginis-graztas-557mm","status":"publish","type":"product","link":"https:\/\/irankiuzona.lt\/ru\/product\/kuginis-graztas-557mm\/","title":{"rendered":"K\u016bginis gr\u0105\u017etas 5,5*7mm"},"content":{"rendered":"<p>\u00a05,5*7mm<\/p>","protected":false},"excerpt":{"rendered":"<p>K\u016bginis gr\u0105\u017etas 5,5*7mm<\/p>","protected":false},"featured_media":311751,"comment_status":"open","ping_status":"open","template":"","meta":[],"product_cat":[10009],"product_tag":[10131],"class_list":{"0":"post-311749","1":"product","2":"type-product","3":"status-publish","4":"has-post-thumbnail","6":"product_brand-asta-lenkija","7":"product_cat-graztai-metalui","8":"product_tag-asta-lenkija","10":"first","11":"instock","12":"purchasable","13":"product-type-simple"},"jetpack_sharing_enabled":true,"_links":{"self":[{"href":"https:\/\/irankiuzona.lt\/ru\/wp-json\/wp\/v2\/product\/311749","targetHints":{"allow":["GET"]}}],"collection":[{"href":"https:\/\/irankiuzona.lt\/ru\/wp-json\/wp\/v2\/product"}],"about":[{"href":"https:\/\/irankiuzona.lt\/ru\/wp-json\/wp\/v2\/types\/product"}],"replies":[{"embeddable":true,"href":"https:\/\/irankiuzona.lt\/ru\/wp-json\/wp\/v2\/comments?post=311749"}],"version-history":[{"count":1,"href":"https:\/\/irankiuzona.lt\/ru\/wp-json\/wp\/v2\/product\/311749\/revisions"}],"predecessor-version":[{"id":424176,"href":"https:\/\/irankiuzona.lt\/ru\/wp-json\/wp\/v2\/product\/311749\/revisions\/424176"}],"wp:featuredmedia":[{"embeddable":true,"href":"https:\/\/irankiuzona.lt\/ru\/wp-json\/wp\/v2\/media\/311751"}],"wp:attachment":[{"href":"https:\/\/irankiuzona.lt\/ru\/wp-json\/wp\/v2\/media?parent=311749"}],"wp:term":[{"taxonomy":"product_cat","embeddable":true,"href":"https:\/\/irankiuzona.lt\/ru\/wp-json\/wp\/v2\/product_cat?post=311749"},{"taxonomy":"product_tag","embeddable":true,"href":"https:\/\/irankiuzona.lt\/ru\/wp-json\/wp\/v2\/product_tag?post=311749"}],"curies":[{"name":"wp","href":"https:\/\/api.w.org\/{rel}","templated":true}]}}