{"id":311924,"date":"2024-09-29T14:05:36","date_gmt":"2024-09-29T14:05:36","guid":{"rendered":"https:\/\/irankiuzona.lt\/product\/ikraunama-siaura-lempa-cob-led-360lm\/"},"modified":"2026-04-14T19:50:59","modified_gmt":"2026-04-14T19:50:59","slug":"ikraunama-siaura-lempa-cob-led-360lm","status":"publish","type":"product","link":"https:\/\/irankiuzona.lt\/ru\/product\/ikraunama-siaura-lempa-cob-led-360lm\/","title":{"rendered":"\u012ekraunama siaura lempa COB-LED 360LM"},"content":{"rendered":"<p>Parametrai:<br \/>\n\u0161viesos \u0161altinis: LED COBbaterija: 3,7 V 1800 mAh\u0161viesos srautas: 360LM\/180LMap\u0161vietimo re\u017eimai: 100%-50%-Strobe-Offap\u0161vietimo laikas: 1,5h\/3h (\u017eibintuv\u0117lis)\u012fkrovimo laikas: 5hIPX4 atsparumo vandeniui klas\u0117korpuso spalva: juoda-pilka\/m\u0117lynamatmenys: 249\u00d732,5\u00d710,5 mmsvoris: 120g<\/p>","protected":false},"excerpt":{"rendered":"<p>\u012ekraunama siaura lempa COB-LED 360LM<\/p>","protected":false},"featured_media":311926,"comment_status":"open","ping_status":"open","template":"","meta":[],"product_cat":[9854],"product_tag":[10131],"class_list":{"0":"post-311924","1":"product","2":"type-product","3":"status-publish","4":"has-post-thumbnail","6":"product_brand-asta-lenkija","7":"product_cat-lempos-ikraunamos","8":"product_tag-asta-lenkija","10":"first","11":"outofstock","12":"purchasable","13":"product-type-simple"},"jetpack_sharing_enabled":true,"_links":{"self":[{"href":"https:\/\/irankiuzona.lt\/ru\/wp-json\/wp\/v2\/product\/311924","targetHints":{"allow":["GET"]}}],"collection":[{"href":"https:\/\/irankiuzona.lt\/ru\/wp-json\/wp\/v2\/product"}],"about":[{"href":"https:\/\/irankiuzona.lt\/ru\/wp-json\/wp\/v2\/types\/product"}],"replies":[{"embeddable":true,"href":"https:\/\/irankiuzona.lt\/ru\/wp-json\/wp\/v2\/comments?post=311924"}],"version-history":[{"count":1,"href":"https:\/\/irankiuzona.lt\/ru\/wp-json\/wp\/v2\/product\/311924\/revisions"}],"predecessor-version":[{"id":424843,"href":"https:\/\/irankiuzona.lt\/ru\/wp-json\/wp\/v2\/product\/311924\/revisions\/424843"}],"wp:featuredmedia":[{"embeddable":true,"href":"https:\/\/irankiuzona.lt\/ru\/wp-json\/wp\/v2\/media\/311926"}],"wp:attachment":[{"href":"https:\/\/irankiuzona.lt\/ru\/wp-json\/wp\/v2\/media?parent=311924"}],"wp:term":[{"taxonomy":"product_cat","embeddable":true,"href":"https:\/\/irankiuzona.lt\/ru\/wp-json\/wp\/v2\/product_cat?post=311924"},{"taxonomy":"product_tag","embeddable":true,"href":"https:\/\/irankiuzona.lt\/ru\/wp-json\/wp\/v2\/product_tag?post=311924"}],"curies":[{"name":"wp","href":"https:\/\/api.w.org\/{rel}","templated":true}]}}