{"id":312054,"date":"2024-09-29T14:06:48","date_gmt":"2024-09-29T14:06:48","guid":{"rendered":"https:\/\/irankiuzona.lt\/product\/transmisijos-domkratas-500-kg-su-reguliuojamu-pagrindu\/"},"modified":"2026-05-09T19:31:34","modified_gmt":"2026-05-09T19:31:34","slug":"transmisijos-domkratas-500-kg-su-reguliuojamu-pagrindu","status":"publish","type":"product","link":"https:\/\/irankiuzona.lt\/ru\/product\/transmisijos-domkratas-500-kg-su-reguliuojamu-pagrindu\/","title":{"rendered":"Transmisijos domkratas 500 kg su reguliuojamu pagrindu"},"content":{"rendered":"<p>Techniniai duomenys:<br \/>\n-Keliamoji galia: 500 kg-Maksimalus atramos auk\u0161tis: 1845 mm-Minimalus atramos auk\u0161tis 855 mm-Atramos kampo reguliavimas: pakreipimas \u012f priek\u012f 28\u00b0 atgal 10\u00b0;-Svoris 57 kg.<\/p>","protected":false},"excerpt":{"rendered":"<p>Transmisijos domkratas 500 kg su reguliuojamu pagrindu<\/p>","protected":false},"featured_media":312056,"comment_status":"open","ping_status":"closed","template":"","meta":[],"product_cat":[9929],"product_tag":[10131],"class_list":{"0":"post-312054","1":"product","2":"type-product","3":"status-publish","4":"has-post-thumbnail","6":"product_brand-asta-lenkija","7":"product_cat-keltuvai-greiciu-dezems","8":"product_tag-asta-lenkija","10":"first","11":"outofstock","12":"purchasable","13":"product-type-simple"},"jetpack_sharing_enabled":true,"_links":{"self":[{"href":"https:\/\/irankiuzona.lt\/ru\/wp-json\/wp\/v2\/product\/312054","targetHints":{"allow":["GET"]}}],"collection":[{"href":"https:\/\/irankiuzona.lt\/ru\/wp-json\/wp\/v2\/product"}],"about":[{"href":"https:\/\/irankiuzona.lt\/ru\/wp-json\/wp\/v2\/types\/product"}],"replies":[{"embeddable":true,"href":"https:\/\/irankiuzona.lt\/ru\/wp-json\/wp\/v2\/comments?post=312054"}],"version-history":[{"count":2,"href":"https:\/\/irankiuzona.lt\/ru\/wp-json\/wp\/v2\/product\/312054\/revisions"}],"predecessor-version":[{"id":428174,"href":"https:\/\/irankiuzona.lt\/ru\/wp-json\/wp\/v2\/product\/312054\/revisions\/428174"}],"wp:featuredmedia":[{"embeddable":true,"href":"https:\/\/irankiuzona.lt\/ru\/wp-json\/wp\/v2\/media\/312056"}],"wp:attachment":[{"href":"https:\/\/irankiuzona.lt\/ru\/wp-json\/wp\/v2\/media?parent=312054"}],"wp:term":[{"taxonomy":"product_cat","embeddable":true,"href":"https:\/\/irankiuzona.lt\/ru\/wp-json\/wp\/v2\/product_cat?post=312054"},{"taxonomy":"product_tag","embeddable":true,"href":"https:\/\/irankiuzona.lt\/ru\/wp-json\/wp\/v2\/product_tag?post=312054"}],"curies":[{"name":"wp","href":"https:\/\/api.w.org\/{rel}","templated":true}]}}