{"id":312115,"date":"2024-09-29T14:07:01","date_gmt":"2024-09-29T14:07:01","guid":{"rendered":"https:\/\/irankiuzona.lt\/product\/terkslinis-raktas-10mm-tiesus-72dantu\/"},"modified":"2026-04-13T02:04:49","modified_gmt":"2026-04-13T02:04:49","slug":"terkslinis-raktas-10mm-tiesus-72dantu","status":"publish","type":"product","link":"https:\/\/irankiuzona.lt\/ru\/product\/terkslinis-raktas-10mm-tiesus-72dantu\/","title":{"rendered":"Terk\u0161linis raktas 10mm tiesus 72dant\u0173"},"content":{"rendered":"<p>72dant\u0173Dydis:10 mmIlgis:157 mmMed\u017eiaga:chromo vanad\u017eio plienas<\/p>","protected":false},"excerpt":{"rendered":"<p>Terk\u0161linis raktas 10mm tiesus 72dant\u0173<\/p>","protected":false},"featured_media":312117,"comment_status":"open","ping_status":"open","template":"","meta":[],"product_cat":[9746],"product_tag":[9462],"class_list":{"0":"post-312115","1":"product","2":"type-product","3":"status-publish","4":"has-post-thumbnail","6":"product_brand-condor-werkzeug-vokietija","7":"product_cat-tiesus-terksliniai-raktai","8":"product_tag-condor-werkzeug-vokietija","10":"first","11":"outofstock","12":"purchasable","13":"product-type-simple"},"jetpack_sharing_enabled":true,"_links":{"self":[{"href":"https:\/\/irankiuzona.lt\/ru\/wp-json\/wp\/v2\/product\/312115","targetHints":{"allow":["GET"]}}],"collection":[{"href":"https:\/\/irankiuzona.lt\/ru\/wp-json\/wp\/v2\/product"}],"about":[{"href":"https:\/\/irankiuzona.lt\/ru\/wp-json\/wp\/v2\/types\/product"}],"replies":[{"embeddable":true,"href":"https:\/\/irankiuzona.lt\/ru\/wp-json\/wp\/v2\/comments?post=312115"}],"version-history":[{"count":1,"href":"https:\/\/irankiuzona.lt\/ru\/wp-json\/wp\/v2\/product\/312115\/revisions"}],"predecessor-version":[{"id":425281,"href":"https:\/\/irankiuzona.lt\/ru\/wp-json\/wp\/v2\/product\/312115\/revisions\/425281"}],"wp:featuredmedia":[{"embeddable":true,"href":"https:\/\/irankiuzona.lt\/ru\/wp-json\/wp\/v2\/media\/312117"}],"wp:attachment":[{"href":"https:\/\/irankiuzona.lt\/ru\/wp-json\/wp\/v2\/media?parent=312115"}],"wp:term":[{"taxonomy":"product_cat","embeddable":true,"href":"https:\/\/irankiuzona.lt\/ru\/wp-json\/wp\/v2\/product_cat?post=312115"},{"taxonomy":"product_tag","embeddable":true,"href":"https:\/\/irankiuzona.lt\/ru\/wp-json\/wp\/v2\/product_tag?post=312115"}],"curies":[{"name":"wp","href":"https:\/\/api.w.org\/{rel}","templated":true}]}}