{"id":320569,"date":"2024-09-29T14:06:39","date_gmt":"2024-09-29T14:06:39","guid":{"rendered":"https:\/\/irankiuzona.lt\/product\/akumuliatorinis-siaurapjuklis-18v-be-akumuliatoriaus\/"},"modified":"2026-05-13T23:10:15","modified_gmt":"2026-05-13T23:10:15","slug":"akumuliatorinis-siaurapjuklis-18v-be-akumuliatoriaus","status":"publish","type":"product","link":"https:\/\/irankiuzona.lt\/ru\/product\/akumuliatorinis-siaurapjuklis-18v-be-akumuliatoriaus\/","title":{"rendered":"Akumuliatorinis siaurapj\u016bklis 18V (be akumuliatoriaus)"},"content":{"rendered":"<p>4 pakop\u0173 a\u0161men\u0173 svyravimas.Pado-P\u0117dos pakreipimas 45\u00b0 kampu.Oro p\u016btimas \u012f pjovimo viet\u0105.Sukimosi greitis: 0-2600 RPM.A\u0161men\u0173 eiga: 26 mm.A\u0161men\u0173 keitimas be \u012franki\u0173.Pagrindo med\u017eiaga \u2013 aliuminis.Maksimalus pjaunamos medienos storis \u2013 135 mm.Maksimalus pjaunamo plieno storis \u2013 8 mm.Metalinis pavaros mechanizmas.Variklis be \u0161epet\u0117li\u0173.Apsauga nuo perkaitimo.LED lemput\u0117 Sklandus grei\u010dio reguliavimas.Antivibracin\u0117 mink\u0161ta rankena.Svoris 2,45 kg.Baterija 18V perkama atskirai.OneAccuSystem.<\/p>","protected":false},"excerpt":{"rendered":"<p>HOGERT HT2E233-0JS akumuliatorinis 18V siaurapj\u016bklis, be akumuliatoriaus ir \u012fkroviklio<\/p>","protected":false},"featured_media":320571,"comment_status":"open","ping_status":"open","template":"","meta":[],"product_cat":[10092],"product_tag":[9969],"class_list":{"0":"post-320569","1":"product","2":"type-product","3":"status-publish","4":"has-post-thumbnail","6":"product_brand-hogert-technik-vokietija","7":"product_cat-akumuliatoriniai-irankiai-su-keiciama-li-ion-baterija","8":"product_tag-hogert-technik-vokietija","10":"first","11":"instock","12":"purchasable","13":"product-type-simple"},"jetpack_sharing_enabled":true,"_links":{"self":[{"href":"https:\/\/irankiuzona.lt\/ru\/wp-json\/wp\/v2\/product\/320569","targetHints":{"allow":["GET"]}}],"collection":[{"href":"https:\/\/irankiuzona.lt\/ru\/wp-json\/wp\/v2\/product"}],"about":[{"href":"https:\/\/irankiuzona.lt\/ru\/wp-json\/wp\/v2\/types\/product"}],"replies":[{"embeddable":true,"href":"https:\/\/irankiuzona.lt\/ru\/wp-json\/wp\/v2\/comments?post=320569"}],"version-history":[{"count":1,"href":"https:\/\/irankiuzona.lt\/ru\/wp-json\/wp\/v2\/product\/320569\/revisions"}],"predecessor-version":[{"id":425170,"href":"https:\/\/irankiuzona.lt\/ru\/wp-json\/wp\/v2\/product\/320569\/revisions\/425170"}],"wp:featuredmedia":[{"embeddable":true,"href":"https:\/\/irankiuzona.lt\/ru\/wp-json\/wp\/v2\/media\/320571"}],"wp:attachment":[{"href":"https:\/\/irankiuzona.lt\/ru\/wp-json\/wp\/v2\/media?parent=320569"}],"wp:term":[{"taxonomy":"product_cat","embeddable":true,"href":"https:\/\/irankiuzona.lt\/ru\/wp-json\/wp\/v2\/product_cat?post=320569"},{"taxonomy":"product_tag","embeddable":true,"href":"https:\/\/irankiuzona.lt\/ru\/wp-json\/wp\/v2\/product_tag?post=320569"}],"curies":[{"name":"wp","href":"https:\/\/api.w.org\/{rel}","templated":true}]}}