{"id":320575,"date":"2024-09-29T14:06:40","date_gmt":"2024-09-29T14:06:40","guid":{"rendered":"https:\/\/irankiuzona.lt\/product\/akumuliatorinis-smuginis-1-2-600nm-verzliasukis-18v-be-akumuliatoriaus\/"},"modified":"2026-05-10T00:31:25","modified_gmt":"2026-05-10T00:31:25","slug":"akumuliatorinis-smuginis-1-2-600nm-verzliasukis-18v-be-akumuliatoriaus","status":"publish","type":"product","link":"https:\/\/irankiuzona.lt\/ru\/product\/akumuliatorinis-smuginis-1-2-600nm-verzliasukis-18v-be-akumuliatoriaus\/","title":{"rendered":"Akumuliatorinis sm\u016bginis 1\/2 600Nm ver\u017elias\u016bkis 18V (be akumuliatoriaus)"},"content":{"rendered":"<p>Maksimalus sukimo momentas \u2013 600 Nm.Sukimo momentas \u2013 900 Nm.Rankena \u2013 keturkamp\u0117, \u00bd\u201d;Sukimosi greitis: 0-1000\/0-1500\/0-1900 RPM.Poveikio greitis: 0\u20132400 IPM;3 sukimosi grei\u010dio \/ sukimo momento nustatymai;Sklandus grei\u010dio reguliavimas maitinimo jungikliu.Mink\u0161ta, neslystanti rankena.De\u0161inysis ir kairysis sukimosi krypties jungiklis.Metalinis pavar\u0173 d\u0117\u017e\u0117s korpusas.Metalin\u0117s pavar\u0173 d\u0117\u017e\u0117s mechanizmas.Variklis be \u0161epet\u0117li\u0173.Prietaiso apsauga nuo perkaitimo.LED lemput\u0117.Svoris \u2013 2,3 kg.\u012ekraunam\u0105 18V baterij\u0105 reikia \u012fsigyti atskirai;OneAccuSystem.<\/p>","protected":false},"excerpt":{"rendered":"<p>HOGERT HT2E226-0IW akumuliatorinis sm\u016bginis 1\/2 600Nm ver\u017elias\u016bkis 18V be akumuliatoriaus ir \u012fkroviklio<\/p>","protected":false},"featured_media":320577,"comment_status":"open","ping_status":"closed","template":"","meta":[],"product_cat":[10092],"product_tag":[9969],"class_list":{"0":"post-320575","1":"product","2":"type-product","3":"status-publish","4":"has-post-thumbnail","6":"product_brand-hogert-technik-vokietija","7":"product_cat-akumuliatoriniai-irankiai-su-keiciama-li-ion-baterija","8":"product_tag-hogert-technik-vokietija","10":"first","11":"instock","12":"purchasable","13":"product-type-simple"},"jetpack_sharing_enabled":true,"_links":{"self":[{"href":"https:\/\/irankiuzona.lt\/ru\/wp-json\/wp\/v2\/product\/320575","targetHints":{"allow":["GET"]}}],"collection":[{"href":"https:\/\/irankiuzona.lt\/ru\/wp-json\/wp\/v2\/product"}],"about":[{"href":"https:\/\/irankiuzona.lt\/ru\/wp-json\/wp\/v2\/types\/product"}],"replies":[{"embeddable":true,"href":"https:\/\/irankiuzona.lt\/ru\/wp-json\/wp\/v2\/comments?post=320575"}],"version-history":[{"count":1,"href":"https:\/\/irankiuzona.lt\/ru\/wp-json\/wp\/v2\/product\/320575\/revisions"}],"predecessor-version":[{"id":425172,"href":"https:\/\/irankiuzona.lt\/ru\/wp-json\/wp\/v2\/product\/320575\/revisions\/425172"}],"wp:featuredmedia":[{"embeddable":true,"href":"https:\/\/irankiuzona.lt\/ru\/wp-json\/wp\/v2\/media\/320577"}],"wp:attachment":[{"href":"https:\/\/irankiuzona.lt\/ru\/wp-json\/wp\/v2\/media?parent=320575"}],"wp:term":[{"taxonomy":"product_cat","embeddable":true,"href":"https:\/\/irankiuzona.lt\/ru\/wp-json\/wp\/v2\/product_cat?post=320575"},{"taxonomy":"product_tag","embeddable":true,"href":"https:\/\/irankiuzona.lt\/ru\/wp-json\/wp\/v2\/product_tag?post=320575"}],"curies":[{"name":"wp","href":"https:\/\/api.w.org\/{rel}","templated":true}]}}