{"id":320578,"date":"2024-09-29T14:06:40","date_gmt":"2024-09-29T14:06:40","guid":{"rendered":"https:\/\/irankiuzona.lt\/product\/nailoninis-apsauginis-sedynes-uzvalkalas-135x80-cm\/"},"modified":"2026-05-09T21:04:47","modified_gmt":"2026-05-09T21:04:47","slug":"nailoninis-apsauginis-sedynes-uzvalkalas-135x80-cm","status":"publish","type":"product","link":"https:\/\/irankiuzona.lt\/ru\/product\/nailoninis-apsauginis-sedynes-uzvalkalas-135x80-cm\/","title":{"rendered":"Nailoninis, apsauginis s\u0117dyn\u0117s u\u017evalkalas 135&#215;80 cm"},"content":{"rendered":"<p>Dydis: 135 x 80 cmS\u0117dyn\u0117s u\u017evalkalas puikiai apsaugo automobilio s\u0117dyn\u0119 (k\u0117dut\u0119) nuo ne\u0161varum\u0173 ar sugadinimo. Jis pagamintas i\u0161 specialaus nailono audinio, kuris nepraleid\u017eia vandens, aliejaus ar riebal\u0173. Jos kra\u0161tai sutvirtinti ir apr\u016bpinti elastine juostele, kuri pritaiko med\u017eiag\u0105 prie s\u0117dyn\u0117s formos ir tvirtai laiko j\u0105 vietoje. D\u0117l patvarios med\u017eiagos u\u017evalkal\u0105 galima skalbti kelis kartus, o tai prailgina jo naudojimo laik\u0105.<\/p>","protected":false},"excerpt":{"rendered":"<p>HOGERT HT8G439 nailonis u\u017evalkalas s\u0117dynei, apsauginis s\u0117dyn\u0117s u\u017evalkalas atliekant remonto darbus servise. Dydis 135&#215;80 cm<\/p>","protected":false},"featured_media":320580,"comment_status":"open","ping_status":"open","template":"","meta":[],"product_cat":[9697],"product_tag":[9969],"class_list":{"0":"post-320578","1":"product","2":"type-product","3":"status-publish","4":"has-post-thumbnail","6":"product_brand-hogert-technik-vokietija","7":"product_cat-aksesuarai-automobiliams","8":"product_tag-hogert-technik-vokietija","10":"first","11":"instock","12":"purchasable","13":"product-type-simple"},"jetpack_sharing_enabled":true,"_links":{"self":[{"href":"https:\/\/irankiuzona.lt\/ru\/wp-json\/wp\/v2\/product\/320578","targetHints":{"allow":["GET"]}}],"collection":[{"href":"https:\/\/irankiuzona.lt\/ru\/wp-json\/wp\/v2\/product"}],"about":[{"href":"https:\/\/irankiuzona.lt\/ru\/wp-json\/wp\/v2\/types\/product"}],"replies":[{"embeddable":true,"href":"https:\/\/irankiuzona.lt\/ru\/wp-json\/wp\/v2\/comments?post=320578"}],"version-history":[{"count":1,"href":"https:\/\/irankiuzona.lt\/ru\/wp-json\/wp\/v2\/product\/320578\/revisions"}],"predecessor-version":[{"id":425173,"href":"https:\/\/irankiuzona.lt\/ru\/wp-json\/wp\/v2\/product\/320578\/revisions\/425173"}],"wp:featuredmedia":[{"embeddable":true,"href":"https:\/\/irankiuzona.lt\/ru\/wp-json\/wp\/v2\/media\/320580"}],"wp:attachment":[{"href":"https:\/\/irankiuzona.lt\/ru\/wp-json\/wp\/v2\/media?parent=320578"}],"wp:term":[{"taxonomy":"product_cat","embeddable":true,"href":"https:\/\/irankiuzona.lt\/ru\/wp-json\/wp\/v2\/product_cat?post=320578"},{"taxonomy":"product_tag","embeddable":true,"href":"https:\/\/irankiuzona.lt\/ru\/wp-json\/wp\/v2\/product_tag?post=320578"}],"curies":[{"name":"wp","href":"https:\/\/api.w.org\/{rel}","templated":true}]}}