{"id":320581,"date":"2024-09-29T14:06:41","date_gmt":"2024-09-29T14:06:41","guid":{"rendered":"https:\/\/irankiuzona.lt\/product\/akumuliatorinis-smuginis-1-2-600nm-verzliasukis-18v-40ah-lagamine\/"},"modified":"2026-05-09T19:31:29","modified_gmt":"2026-05-09T19:31:29","slug":"akumuliatorinis-smuginis-1-2-600nm-verzliasukis-18v-40ah-lagamine","status":"publish","type":"product","link":"https:\/\/irankiuzona.lt\/ru\/product\/akumuliatorinis-smuginis-1-2-600nm-verzliasukis-18v-40ah-lagamine\/","title":{"rendered":"Akumuliatorinis sm\u016bginis 1\/2 600Nm ver\u017elias\u016bkis 18V 4,0Ah lagamine"},"content":{"rendered":"<p>Komplekte: akumuliatorinis 1\/2 ve\u017elias\u016bkis 600Nm \/ 1x 4,0Ah 18V akumuliatorius \/ 1x 4,0Ah 18V \u012fkroviklis<\/p>","protected":false},"excerpt":{"rendered":"<p>HOGERT HT2E253-B14IW akumuliatorinis sm\u016bginis 1\/2 ver\u017elias\u016bkis 600Nm 18V 4,0Ah lagamine, komplekte su akumuliatoriumi ir \u012fkrovikliu.<\/p>","protected":false},"featured_media":320583,"comment_status":"open","ping_status":"closed","template":"","meta":[],"product_cat":[10092],"product_tag":[9969],"class_list":{"0":"post-320581","1":"product","2":"type-product","3":"status-publish","4":"has-post-thumbnail","6":"product_brand-hogert-technik-vokietija","7":"product_cat-akumuliatoriniai-irankiai-su-keiciama-li-ion-baterija","8":"product_tag-hogert-technik-vokietija","10":"first","11":"instock","12":"purchasable","13":"product-type-simple"},"jetpack_sharing_enabled":true,"_links":{"self":[{"href":"https:\/\/irankiuzona.lt\/ru\/wp-json\/wp\/v2\/product\/320581","targetHints":{"allow":["GET"]}}],"collection":[{"href":"https:\/\/irankiuzona.lt\/ru\/wp-json\/wp\/v2\/product"}],"about":[{"href":"https:\/\/irankiuzona.lt\/ru\/wp-json\/wp\/v2\/types\/product"}],"replies":[{"embeddable":true,"href":"https:\/\/irankiuzona.lt\/ru\/wp-json\/wp\/v2\/comments?post=320581"}],"version-history":[{"count":1,"href":"https:\/\/irankiuzona.lt\/ru\/wp-json\/wp\/v2\/product\/320581\/revisions"}],"predecessor-version":[{"id":425174,"href":"https:\/\/irankiuzona.lt\/ru\/wp-json\/wp\/v2\/product\/320581\/revisions\/425174"}],"wp:featuredmedia":[{"embeddable":true,"href":"https:\/\/irankiuzona.lt\/ru\/wp-json\/wp\/v2\/media\/320583"}],"wp:attachment":[{"href":"https:\/\/irankiuzona.lt\/ru\/wp-json\/wp\/v2\/media?parent=320581"}],"wp:term":[{"taxonomy":"product_cat","embeddable":true,"href":"https:\/\/irankiuzona.lt\/ru\/wp-json\/wp\/v2\/product_cat?post=320581"},{"taxonomy":"product_tag","embeddable":true,"href":"https:\/\/irankiuzona.lt\/ru\/wp-json\/wp\/v2\/product_tag?post=320581"}],"curies":[{"name":"wp","href":"https:\/\/api.w.org\/{rel}","templated":true}]}}