{"id":320584,"date":"2024-09-29T14:06:41","date_gmt":"2024-09-29T14:06:41","guid":{"rendered":"https:\/\/irankiuzona.lt\/product\/akumuliatorinis-tiesinis-pjuklas-18v-be-akumuliatoriaus\/"},"modified":"2026-05-10T01:17:09","modified_gmt":"2026-05-10T01:17:09","slug":"akumuliatorinis-tiesinis-pjuklas-18v-be-akumuliatoriaus","status":"publish","type":"product","link":"https:\/\/irankiuzona.lt\/ru\/product\/akumuliatorinis-tiesinis-pjuklas-18v-be-akumuliatoriaus\/","title":{"rendered":"Akumuliatorinis tiesinis pj\u016bklas 18V (be akumuliatoriaus)"},"content":{"rendered":"<p>Atramos (kojos) ilgio reguliavimas, pasvirimo kampo reguliavimas.Sukimosi greitis: 0-3000 RPM.A\u0161men\u0173 eiga: 28 mm.A\u0161men\u0173 laikiklis be \u012franki\u0173.Maksimalus pjaunamos medienos storis \u2013 150 mm.Maksimalus pjaunamo plieno storis \u2013 10 mm.Variklis be \u0161epet\u0117li\u0173.Metalinis pavar\u0173 d\u0117\u017e\u0117s korpusas.Metalinis pavaros mechanizmas.LED lemput\u0117.Sklandus grei\u010dio reguliavimas.Antivibracin\u0117 mink\u0161ta rankena.Apsauginiai guminiai buferiai.Variklio apsauga nuo dulki\u0173, metalo daleli\u0173 ir u\u017espaudimo.Apsauga nuo perkaitimo.Svoris 3,22kg.Baterija 18V perkama atskirai.OneAccuSystem.<\/p>","protected":false},"excerpt":{"rendered":"<p>HOGERT HT2E234-0RS akumuliatorinis 18V tiesinis pj\u016bklas, be akumuliatoriaus ir \u012fkroviklio.<\/p>","protected":false},"featured_media":320586,"comment_status":"open","ping_status":"open","template":"","meta":[],"product_cat":[10092],"product_tag":[9969],"class_list":{"0":"post-320584","1":"product","2":"type-product","3":"status-publish","4":"has-post-thumbnail","6":"product_brand-hogert-technik-vokietija","7":"product_cat-akumuliatoriniai-irankiai-su-keiciama-li-ion-baterija","8":"product_tag-hogert-technik-vokietija","10":"first","11":"instock","12":"purchasable","13":"product-type-simple"},"jetpack_sharing_enabled":true,"_links":{"self":[{"href":"https:\/\/irankiuzona.lt\/ru\/wp-json\/wp\/v2\/product\/320584","targetHints":{"allow":["GET"]}}],"collection":[{"href":"https:\/\/irankiuzona.lt\/ru\/wp-json\/wp\/v2\/product"}],"about":[{"href":"https:\/\/irankiuzona.lt\/ru\/wp-json\/wp\/v2\/types\/product"}],"replies":[{"embeddable":true,"href":"https:\/\/irankiuzona.lt\/ru\/wp-json\/wp\/v2\/comments?post=320584"}],"version-history":[{"count":1,"href":"https:\/\/irankiuzona.lt\/ru\/wp-json\/wp\/v2\/product\/320584\/revisions"}],"predecessor-version":[{"id":425175,"href":"https:\/\/irankiuzona.lt\/ru\/wp-json\/wp\/v2\/product\/320584\/revisions\/425175"}],"wp:featuredmedia":[{"embeddable":true,"href":"https:\/\/irankiuzona.lt\/ru\/wp-json\/wp\/v2\/media\/320586"}],"wp:attachment":[{"href":"https:\/\/irankiuzona.lt\/ru\/wp-json\/wp\/v2\/media?parent=320584"}],"wp:term":[{"taxonomy":"product_cat","embeddable":true,"href":"https:\/\/irankiuzona.lt\/ru\/wp-json\/wp\/v2\/product_cat?post=320584"},{"taxonomy":"product_tag","embeddable":true,"href":"https:\/\/irankiuzona.lt\/ru\/wp-json\/wp\/v2\/product_tag?post=320584"}],"curies":[{"name":"wp","href":"https:\/\/api.w.org\/{rel}","templated":true}]}}