{"id":320590,"date":"2024-09-29T14:06:41","date_gmt":"2024-09-29T14:06:41","guid":{"rendered":"https:\/\/irankiuzona.lt\/product\/akumuliatoriniu-suktuvo-ir-greztuvo-18v-irankiu-komplektas-lagamine\/"},"modified":"2026-05-09T21:04:47","modified_gmt":"2026-05-09T21:04:47","slug":"akumuliatoriniu-suktuvo-ir-greztuvo-18v-irankiu-komplektas-lagamine","status":"publish","type":"product","link":"https:\/\/irankiuzona.lt\/ru\/product\/akumuliatoriniu-suktuvo-ir-greztuvo-18v-irankiu-komplektas-lagamine\/","title":{"rendered":"Akumuliatorini\u0173 suktuvo ir gr\u0119\u017etuvo 18V \u012franki\u0173 komplektas lagamine"},"content":{"rendered":"","protected":false},"excerpt":{"rendered":"<p>HOGERT HT2E248-B224IPD akumuliatorini\u0173 18V \u012franki\u0173 komplektas lagamine &#8211; suktuvas ir gr\u0119\u017etuvas su 2 baterijomis ir \u012fkrovikliu.<\/p>","protected":false},"featured_media":320592,"comment_status":"open","ping_status":"open","template":"","meta":[],"product_cat":[10092],"product_tag":[9969],"class_list":{"0":"post-320590","1":"product","2":"type-product","3":"status-publish","4":"has-post-thumbnail","6":"product_brand-hogert-technik-vokietija","7":"product_cat-akumuliatoriniai-irankiai-su-keiciama-li-ion-baterija","8":"product_tag-hogert-technik-vokietija","10":"first","11":"instock","12":"purchasable","13":"product-type-simple"},"jetpack_sharing_enabled":true,"_links":{"self":[{"href":"https:\/\/irankiuzona.lt\/ru\/wp-json\/wp\/v2\/product\/320590","targetHints":{"allow":["GET"]}}],"collection":[{"href":"https:\/\/irankiuzona.lt\/ru\/wp-json\/wp\/v2\/product"}],"about":[{"href":"https:\/\/irankiuzona.lt\/ru\/wp-json\/wp\/v2\/types\/product"}],"replies":[{"embeddable":true,"href":"https:\/\/irankiuzona.lt\/ru\/wp-json\/wp\/v2\/comments?post=320590"}],"version-history":[{"count":1,"href":"https:\/\/irankiuzona.lt\/ru\/wp-json\/wp\/v2\/product\/320590\/revisions"}],"predecessor-version":[{"id":425178,"href":"https:\/\/irankiuzona.lt\/ru\/wp-json\/wp\/v2\/product\/320590\/revisions\/425178"}],"wp:featuredmedia":[{"embeddable":true,"href":"https:\/\/irankiuzona.lt\/ru\/wp-json\/wp\/v2\/media\/320592"}],"wp:attachment":[{"href":"https:\/\/irankiuzona.lt\/ru\/wp-json\/wp\/v2\/media?parent=320590"}],"wp:term":[{"taxonomy":"product_cat","embeddable":true,"href":"https:\/\/irankiuzona.lt\/ru\/wp-json\/wp\/v2\/product_cat?post=320590"},{"taxonomy":"product_tag","embeddable":true,"href":"https:\/\/irankiuzona.lt\/ru\/wp-json\/wp\/v2\/product_tag?post=320590"}],"curies":[{"name":"wp","href":"https:\/\/api.w.org\/{rel}","templated":true}]}}