{"id":320596,"date":"2024-09-29T14:06:41","date_gmt":"2024-09-29T14:06:41","guid":{"rendered":"https:\/\/irankiuzona.lt\/product\/akumuliatorinis-smuginis-greztuvas-18v-50nm-be-akumuliatoriaus\/"},"modified":"2026-05-09T21:04:48","modified_gmt":"2026-05-09T21:04:48","slug":"akumuliatorinis-smuginis-greztuvas-18v-50nm-be-akumuliatoriaus","status":"publish","type":"product","link":"https:\/\/irankiuzona.lt\/ru\/product\/akumuliatorinis-smuginis-greztuvas-18v-50nm-be-akumuliatoriaus\/","title":{"rendered":"Akumuliatorinis sm\u016bginis gr\u0119\u017etuvas 18V 50Nm (be akumuliatoriaus)"},"content":{"rendered":"<p>Mink\u0161tas sukimo momentas \u2013 25 Nm. (Soft torque)Sunkus sukimo momentas \u2013 50 Nm. (Hard torque)Sukimo momento reguliavimo pakopos \u2013 21+1+1.Grei\u010dio reguliavimo \u017eingsniai \u2013 2.Gr\u0119\u017eimo griebtuvas \u2013 Auto Lock, metalinis, 13 mm.Sukimosi greitis: 0-450\/0-1750 RPM.Poveikio rodiklis: 0-6400 IPM\/0-24000 IPM.Maksimalus medienos gr\u0119\u017eimo skersmuo \u2013 25 mm.Maksimalus plieno gr\u0119\u017eimo skersmuo \u2013 13 mm.Maksimalus betono gr\u0119\u017eimo skersmuo \u2013 10 mm.LED lemput\u0117.Antgali\u0173 laikiklis.Sklandus grei\u010dio reguliavimas maitinimo jungikliu.Mink\u0161ta rankena.De\u0161inysis ir kairysis sukimosi krypties jungiklis.Svoris \u2013 1,3 kg.Garso sl\u0117gio lygis \u2013 Lpa = 92 dB(A)Garso galios lygis \u2013 Lwa = 103 dB(A)\u012ekraunam\u0105 18V baterij\u0105 reikia \u012fsigyti atskirai.OneAccuSystem<\/p>","protected":false},"excerpt":{"rendered":"<p>HOGERT HT2E221-0PD Akumuliatorinis sm\u016bginis gr\u0119\u017etuvas 18V 50Nm (be akumuliatoriaus)<\/p>","protected":false},"featured_media":320598,"comment_status":"open","ping_status":"open","template":"","meta":[],"product_cat":[10092],"product_tag":[9969],"class_list":{"0":"post-320596","1":"product","2":"type-product","3":"status-publish","4":"has-post-thumbnail","6":"product_brand-hogert-technik-vokietija","7":"product_cat-akumuliatoriniai-irankiai-su-keiciama-li-ion-baterija","8":"product_tag-hogert-technik-vokietija","10":"first","11":"instock","12":"purchasable","13":"product-type-simple"},"jetpack_sharing_enabled":true,"_links":{"self":[{"href":"https:\/\/irankiuzona.lt\/ru\/wp-json\/wp\/v2\/product\/320596","targetHints":{"allow":["GET"]}}],"collection":[{"href":"https:\/\/irankiuzona.lt\/ru\/wp-json\/wp\/v2\/product"}],"about":[{"href":"https:\/\/irankiuzona.lt\/ru\/wp-json\/wp\/v2\/types\/product"}],"replies":[{"embeddable":true,"href":"https:\/\/irankiuzona.lt\/ru\/wp-json\/wp\/v2\/comments?post=320596"}],"version-history":[{"count":1,"href":"https:\/\/irankiuzona.lt\/ru\/wp-json\/wp\/v2\/product\/320596\/revisions"}],"predecessor-version":[{"id":425180,"href":"https:\/\/irankiuzona.lt\/ru\/wp-json\/wp\/v2\/product\/320596\/revisions\/425180"}],"wp:featuredmedia":[{"embeddable":true,"href":"https:\/\/irankiuzona.lt\/ru\/wp-json\/wp\/v2\/media\/320598"}],"wp:attachment":[{"href":"https:\/\/irankiuzona.lt\/ru\/wp-json\/wp\/v2\/media?parent=320596"}],"wp:term":[{"taxonomy":"product_cat","embeddable":true,"href":"https:\/\/irankiuzona.lt\/ru\/wp-json\/wp\/v2\/product_cat?post=320596"},{"taxonomy":"product_tag","embeddable":true,"href":"https:\/\/irankiuzona.lt\/ru\/wp-json\/wp\/v2\/product_tag?post=320596"}],"curies":[{"name":"wp","href":"https:\/\/api.w.org\/{rel}","templated":true}]}}