{"id":320599,"date":"2024-09-29T14:06:42","date_gmt":"2024-09-29T14:06:42","guid":{"rendered":"https:\/\/irankiuzona.lt\/product\/akumuliatorinis-smuginis-3-4-1000nm-verzliasukis-18v-be-akumuliatoriaus\/"},"modified":"2026-05-09T22:03:31","modified_gmt":"2026-05-09T22:03:31","slug":"akumuliatorinis-smuginis-3-4-1000nm-verzliasukis-18v-be-akumuliatoriaus","status":"publish","type":"product","link":"https:\/\/irankiuzona.lt\/ru\/product\/akumuliatorinis-smuginis-3-4-1000nm-verzliasukis-18v-be-akumuliatoriaus\/","title":{"rendered":"Akumuliatorinis sm\u016bginis 3\/4 1000Nm ver\u017elias\u016bkis 18V (be akumuliatoriaus)"},"content":{"rendered":"<p>Maksimalus sukimo momentas \u2013 1000 Nm.Maksimalus u\u017esukimo momentas \u2013 1300 Nm.Lizdas &#8211; 3\/4 colio (coli\u0173).Sukimosi greitis: 0-950\/0-1600\/0-1900 RPM.Poveikio da\u017enis: 0-2300 IPM.3 grei\u010dio\/sukimo momento nustatymai.Sklandus grei\u010dio reguliavimas ant jungiklio.Mink\u0161ta, neslystanti rankena.De\u0161inysis ir kairysis sukimosi jungiklis.Metalinis pavar\u0173 d\u0117\u017e\u0117s korpusas.Metalinis pavaros mechanizmas.Variklis be \u0161epet\u0117li\u0173.Variklio apsauga nuo dulki\u0173, metalo daleli\u0173 ir u\u017espaudimo.Apsauga nuo perkaitimoLED \u0161viesaSvoris 3,05 kgOneAccuSystem.<\/p>","protected":false},"excerpt":{"rendered":"<p>HOGERT HT2E227-0IW akumuliatorinis sm\u016bginis 3\/4 1000Nm ver\u017elias\u016bkis 18V, be akumuliatoriaus ir \u012fkroviklio.<\/p>","protected":false},"featured_media":320601,"comment_status":"open","ping_status":"open","template":"","meta":[],"product_cat":[10092],"product_tag":[9969],"class_list":{"0":"post-320599","1":"product","2":"type-product","3":"status-publish","4":"has-post-thumbnail","6":"product_brand-hogert-technik-vokietija","7":"product_cat-akumuliatoriniai-irankiai-su-keiciama-li-ion-baterija","8":"product_tag-hogert-technik-vokietija","10":"first","11":"instock","12":"purchasable","13":"product-type-simple"},"jetpack_sharing_enabled":true,"_links":{"self":[{"href":"https:\/\/irankiuzona.lt\/ru\/wp-json\/wp\/v2\/product\/320599","targetHints":{"allow":["GET"]}}],"collection":[{"href":"https:\/\/irankiuzona.lt\/ru\/wp-json\/wp\/v2\/product"}],"about":[{"href":"https:\/\/irankiuzona.lt\/ru\/wp-json\/wp\/v2\/types\/product"}],"replies":[{"embeddable":true,"href":"https:\/\/irankiuzona.lt\/ru\/wp-json\/wp\/v2\/comments?post=320599"}],"version-history":[{"count":1,"href":"https:\/\/irankiuzona.lt\/ru\/wp-json\/wp\/v2\/product\/320599\/revisions"}],"predecessor-version":[{"id":425181,"href":"https:\/\/irankiuzona.lt\/ru\/wp-json\/wp\/v2\/product\/320599\/revisions\/425181"}],"wp:featuredmedia":[{"embeddable":true,"href":"https:\/\/irankiuzona.lt\/ru\/wp-json\/wp\/v2\/media\/320601"}],"wp:attachment":[{"href":"https:\/\/irankiuzona.lt\/ru\/wp-json\/wp\/v2\/media?parent=320599"}],"wp:term":[{"taxonomy":"product_cat","embeddable":true,"href":"https:\/\/irankiuzona.lt\/ru\/wp-json\/wp\/v2\/product_cat?post=320599"},{"taxonomy":"product_tag","embeddable":true,"href":"https:\/\/irankiuzona.lt\/ru\/wp-json\/wp\/v2\/product_tag?post=320599"}],"curies":[{"name":"wp","href":"https:\/\/api.w.org\/{rel}","templated":true}]}}