{"id":320614,"date":"2024-09-29T14:06:43","date_gmt":"2024-09-29T14:06:43","guid":{"rendered":"https:\/\/irankiuzona.lt\/product\/akumuliatorius-baterija-18v-40ah\/"},"modified":"2026-05-09T22:03:31","modified_gmt":"2026-05-09T22:03:31","slug":"akumuliatorius-baterija-18v-40ah","status":"publish","type":"product","link":"https:\/\/irankiuzona.lt\/ru\/product\/akumuliatorius-baterija-18v-40ah\/","title":{"rendered":"Akumuliatorius &#8211; baterija 18V (4,0Ah)"},"content":{"rendered":"<p>Li\u010dio jon\u0173 technologija.\u012etampa \u2013 18 V.Talpa \u2013 4,0 Ah.Svoris \u2013 0,67 kg.Apsauga nuo perkaitimo, perkrovimo, trumpojo jungimo.\u012ekrovimo lygis.Puikiai subalansuotas ma\u017eo svorio, ma\u017eo dyd\u017eio ir talpos po\u017ei\u016briu, \u012fkraunama baterija daugeliui skirting\u0173 HOGERT prek\u0117s \u017eenklo si\u016blom\u0173 \u012franki\u0173.Pa\u017eangus elektroninis modulis stebi akumuliatoriaus veikim\u0105, kad maksimaliai padidint\u0173 na\u0161um\u0105, veikimo laik\u0105, padidint\u0173 ilgaam\u017ei\u0161kum\u0105 ir saugum\u0105.Apsauga nuo element\u0173 perkaitimo, prailgina j\u0173 veikimo laik\u0105 ir padidina j\u0173 patvarum\u0105.Apsauga nuo trumpojo jungimo padidina darbo ir \u012fkraunamos baterijos saugojimo saugum\u0105.\u012ekrovimo lygio valdymas prailgina element\u0173 gyvavimo cikl\u0105.Cel\u0117s, pagamintos naudojant naujausi\u0105 li\u010dio jon\u0173 (Li-Ion) technologij\u0105, u\u017etikrina auk\u0161t\u0105 energijos vartojimo efektyvum\u0105, tvirtum\u0105 ir patikimum\u0105.Guminiais buferiais apsaugotas korpusas apsaugo nuo mechanini\u0173 pa\u017eeidim\u0173.Celi\u0173 apsauga nuo dr\u0117gm\u0117s.Galimas veikimas nuo \u201318 \u2103 i\u0161or\u0117s temperat\u016bros, praple\u010dia \u012frankio naudojimo mast\u0105.\u012ekrovimo lygis rodo turim\u0105 energij\u0105.<\/p>","protected":false},"excerpt":{"rendered":"<p>HOGERT HT2E240-A40 akumuliatorius-baterija 4,0Ah akumuliatoriniams (elektriniams) 18V \u012frankiams<\/p>","protected":false},"featured_media":320616,"comment_status":"open","ping_status":"open","template":"","meta":[],"product_cat":[10092],"product_tag":[9969],"class_list":{"0":"post-320614","1":"product","2":"type-product","3":"status-publish","4":"has-post-thumbnail","6":"product_brand-hogert-technik-vokietija","7":"product_cat-akumuliatoriniai-irankiai-su-keiciama-li-ion-baterija","8":"product_tag-hogert-technik-vokietija","10":"first","11":"instock","12":"purchasable","13":"product-type-simple"},"jetpack_sharing_enabled":true,"_links":{"self":[{"href":"https:\/\/irankiuzona.lt\/ru\/wp-json\/wp\/v2\/product\/320614","targetHints":{"allow":["GET"]}}],"collection":[{"href":"https:\/\/irankiuzona.lt\/ru\/wp-json\/wp\/v2\/product"}],"about":[{"href":"https:\/\/irankiuzona.lt\/ru\/wp-json\/wp\/v2\/types\/product"}],"replies":[{"embeddable":true,"href":"https:\/\/irankiuzona.lt\/ru\/wp-json\/wp\/v2\/comments?post=320614"}],"version-history":[{"count":1,"href":"https:\/\/irankiuzona.lt\/ru\/wp-json\/wp\/v2\/product\/320614\/revisions"}],"predecessor-version":[{"id":425188,"href":"https:\/\/irankiuzona.lt\/ru\/wp-json\/wp\/v2\/product\/320614\/revisions\/425188"}],"wp:featuredmedia":[{"embeddable":true,"href":"https:\/\/irankiuzona.lt\/ru\/wp-json\/wp\/v2\/media\/320616"}],"wp:attachment":[{"href":"https:\/\/irankiuzona.lt\/ru\/wp-json\/wp\/v2\/media?parent=320614"}],"wp:term":[{"taxonomy":"product_cat","embeddable":true,"href":"https:\/\/irankiuzona.lt\/ru\/wp-json\/wp\/v2\/product_cat?post=320614"},{"taxonomy":"product_tag","embeddable":true,"href":"https:\/\/irankiuzona.lt\/ru\/wp-json\/wp\/v2\/product_tag?post=320614"}],"curies":[{"name":"wp","href":"https:\/\/api.w.org\/{rel}","templated":true}]}}