{"id":320631,"date":"2024-09-29T14:06:52","date_gmt":"2024-09-29T14:06:52","guid":{"rendered":"https:\/\/irankiuzona.lt\/product\/uzspaudimo-repliu-komplektas-4daliu-130-225mm\/"},"modified":"2026-04-13T04:01:21","modified_gmt":"2026-04-13T04:01:21","slug":"uzspaudimo-repliu-komplektas-4daliu-130-225mm","status":"publish","type":"product","link":"https:\/\/irankiuzona.lt\/ru\/product\/uzspaudimo-repliu-komplektas-4daliu-130-225mm\/","title":{"rendered":"U\u017espaudimo repli\u0173 komplektas 4dali\u0173 (130-225mm)"},"content":{"rendered":"<p>chrome vanadium steel130 mm180 mm225 mm160 mm<\/p>","protected":false},"excerpt":{"rendered":"<p>U\u017espaudimo repli\u0173 komplektas 4dali\u0173 (130-225mm)<\/p>","protected":false},"featured_media":320633,"comment_status":"open","ping_status":"closed","template":"","meta":[],"product_cat":[9816],"product_tag":[9462],"class_list":{"0":"post-320631","1":"product","2":"type-product","3":"status-publish","4":"has-post-thumbnail","6":"product_brand-condor-werkzeug-vokietija","7":"product_cat-fiksuojamos-suspaudimo-reples","8":"product_tag-condor-werkzeug-vokietija","10":"first","11":"instock","12":"purchasable","13":"product-type-simple"},"jetpack_sharing_enabled":true,"_links":{"self":[{"href":"https:\/\/irankiuzona.lt\/ru\/wp-json\/wp\/v2\/product\/320631","targetHints":{"allow":["GET"]}}],"collection":[{"href":"https:\/\/irankiuzona.lt\/ru\/wp-json\/wp\/v2\/product"}],"about":[{"href":"https:\/\/irankiuzona.lt\/ru\/wp-json\/wp\/v2\/types\/product"}],"replies":[{"embeddable":true,"href":"https:\/\/irankiuzona.lt\/ru\/wp-json\/wp\/v2\/comments?post=320631"}],"version-history":[{"count":1,"href":"https:\/\/irankiuzona.lt\/ru\/wp-json\/wp\/v2\/product\/320631\/revisions"}],"predecessor-version":[{"id":425240,"href":"https:\/\/irankiuzona.lt\/ru\/wp-json\/wp\/v2\/product\/320631\/revisions\/425240"}],"wp:featuredmedia":[{"embeddable":true,"href":"https:\/\/irankiuzona.lt\/ru\/wp-json\/wp\/v2\/media\/320633"}],"wp:attachment":[{"href":"https:\/\/irankiuzona.lt\/ru\/wp-json\/wp\/v2\/media?parent=320631"}],"wp:term":[{"taxonomy":"product_cat","embeddable":true,"href":"https:\/\/irankiuzona.lt\/ru\/wp-json\/wp\/v2\/product_cat?post=320631"},{"taxonomy":"product_tag","embeddable":true,"href":"https:\/\/irankiuzona.lt\/ru\/wp-json\/wp\/v2\/product_tag?post=320631"}],"curies":[{"name":"wp","href":"https:\/\/api.w.org\/{rel}","templated":true}]}}