{"id":320634,"date":"2024-09-29T14:06:52","date_gmt":"2024-09-29T14:06:52","guid":{"rendered":"https:\/\/irankiuzona.lt\/product\/ilgu-galvuciu-komplektas-3-8-6k-6-19-mm\/"},"modified":"2026-04-13T02:04:44","modified_gmt":"2026-04-13T02:04:44","slug":"ilgu-galvuciu-komplektas-3-8-6k-6-19-mm","status":"publish","type":"product","link":"https:\/\/irankiuzona.lt\/ru\/product\/ilgu-galvuciu-komplektas-3-8-6k-6-19-mm\/","title":{"rendered":"Ilg\u0173 galvu\u010di\u0173 komplektas 3\/8&quot; 6k. (6-19 mm)"},"content":{"rendered":"<p>Komplekte: 6, 7, 8, 9, 10, 11, 12, 13, 14, 15, 16, 17, 18, 19<\/p>","protected":false},"excerpt":{"rendered":"<p>Ilg\u0173 galvu\u010di\u0173 komplektas 3\/8&quot; 6k. (6-19 mm)<\/p>","protected":false},"featured_media":320636,"comment_status":"open","ping_status":"open","template":"","meta":[],"product_cat":[9497],"product_tag":[9462],"class_list":{"0":"post-320634","1":"product","2":"type-product","3":"status-publish","4":"has-post-thumbnail","6":"product_brand-condor-werkzeug-vokietija","7":"product_cat-3-8-10-mm-galvuciu-komplektai","8":"product_tag-condor-werkzeug-vokietija","10":"first","11":"instock","12":"purchasable","13":"product-type-simple"},"jetpack_sharing_enabled":true,"_links":{"self":[{"href":"https:\/\/irankiuzona.lt\/ru\/wp-json\/wp\/v2\/product\/320634","targetHints":{"allow":["GET"]}}],"collection":[{"href":"https:\/\/irankiuzona.lt\/ru\/wp-json\/wp\/v2\/product"}],"about":[{"href":"https:\/\/irankiuzona.lt\/ru\/wp-json\/wp\/v2\/types\/product"}],"replies":[{"embeddable":true,"href":"https:\/\/irankiuzona.lt\/ru\/wp-json\/wp\/v2\/comments?post=320634"}],"version-history":[{"count":1,"href":"https:\/\/irankiuzona.lt\/ru\/wp-json\/wp\/v2\/product\/320634\/revisions"}],"predecessor-version":[{"id":425241,"href":"https:\/\/irankiuzona.lt\/ru\/wp-json\/wp\/v2\/product\/320634\/revisions\/425241"}],"wp:featuredmedia":[{"embeddable":true,"href":"https:\/\/irankiuzona.lt\/ru\/wp-json\/wp\/v2\/media\/320636"}],"wp:attachment":[{"href":"https:\/\/irankiuzona.lt\/ru\/wp-json\/wp\/v2\/media?parent=320634"}],"wp:term":[{"taxonomy":"product_cat","embeddable":true,"href":"https:\/\/irankiuzona.lt\/ru\/wp-json\/wp\/v2\/product_cat?post=320634"},{"taxonomy":"product_tag","embeddable":true,"href":"https:\/\/irankiuzona.lt\/ru\/wp-json\/wp\/v2\/product_tag?post=320634"}],"curies":[{"name":"wp","href":"https:\/\/api.w.org\/{rel}","templated":true}]}}