{"id":320645,"date":"2024-09-29T14:06:54","date_gmt":"2024-09-29T14:06:54","guid":{"rendered":"https:\/\/irankiuzona.lt\/product\/ismuseju-komplektas-6daliu-o-3-8mm\/"},"modified":"2026-04-12T22:11:38","modified_gmt":"2026-04-12T22:11:38","slug":"ismuseju-komplektas-6daliu-o-3-8mm","status":"publish","type":"product","link":"https:\/\/irankiuzona.lt\/ru\/product\/ismuseju-komplektas-6daliu-o-3-8mm\/","title":{"rendered":"I\u0161mu\u0161\u0117j\u0173 komplektas 6dali\u0173 (\u00f8 3-8mm)"},"content":{"rendered":"<p>Komplekte 3, 4, 5, 6, 7, 8 mmIlgis &#8211; 150mm<\/p>","protected":false},"excerpt":{"rendered":"<p>I\u0161mu\u0161\u0117j\u0173 komplektas 6dali\u0173 (\u00f8 3-8mm)<\/p>","protected":false},"featured_media":320647,"comment_status":"open","ping_status":"open","template":"","meta":[],"product_cat":[9589],"product_tag":[9462],"class_list":{"0":"post-320645","1":"product","2":"type-product","3":"status-publish","4":"has-post-thumbnail","6":"product_brand-condor-werkzeug-vokietija","7":"product_cat-kaltai-ismusimui","8":"product_tag-condor-werkzeug-vokietija","10":"first","11":"instock","12":"purchasable","13":"product-type-simple"},"jetpack_sharing_enabled":true,"_links":{"self":[{"href":"https:\/\/irankiuzona.lt\/ru\/wp-json\/wp\/v2\/product\/320645","targetHints":{"allow":["GET"]}}],"collection":[{"href":"https:\/\/irankiuzona.lt\/ru\/wp-json\/wp\/v2\/product"}],"about":[{"href":"https:\/\/irankiuzona.lt\/ru\/wp-json\/wp\/v2\/types\/product"}],"replies":[{"embeddable":true,"href":"https:\/\/irankiuzona.lt\/ru\/wp-json\/wp\/v2\/comments?post=320645"}],"version-history":[{"count":1,"href":"https:\/\/irankiuzona.lt\/ru\/wp-json\/wp\/v2\/product\/320645\/revisions"}],"predecessor-version":[{"id":425249,"href":"https:\/\/irankiuzona.lt\/ru\/wp-json\/wp\/v2\/product\/320645\/revisions\/425249"}],"wp:featuredmedia":[{"embeddable":true,"href":"https:\/\/irankiuzona.lt\/ru\/wp-json\/wp\/v2\/media\/320647"}],"wp:attachment":[{"href":"https:\/\/irankiuzona.lt\/ru\/wp-json\/wp\/v2\/media?parent=320645"}],"wp:term":[{"taxonomy":"product_cat","embeddable":true,"href":"https:\/\/irankiuzona.lt\/ru\/wp-json\/wp\/v2\/product_cat?post=320645"},{"taxonomy":"product_tag","embeddable":true,"href":"https:\/\/irankiuzona.lt\/ru\/wp-json\/wp\/v2\/product_tag?post=320645"}],"curies":[{"name":"wp","href":"https:\/\/api.w.org\/{rel}","templated":true}]}}