{"id":320666,"date":"2024-09-29T14:06:56","date_gmt":"2024-09-29T14:06:56","guid":{"rendered":"https:\/\/irankiuzona.lt\/product\/kaltu-ir-ismuseju-komplektas-6daliu\/"},"modified":"2026-04-15T16:03:54","modified_gmt":"2026-04-15T16:03:54","slug":"kaltu-ir-ismuseju-komplektas-6daliu","status":"publish","type":"product","link":"https:\/\/irankiuzona.lt\/ru\/product\/kaltu-ir-ismuseju-komplektas-6daliu\/","title":{"rendered":"Kalt\u0173 ir i\u0161mu\u0161\u0117j\u0173 komplektas 6dali\u0173"},"content":{"rendered":"<p>Kaltai: 3 x 10 x 120, 4 x 12 x 150 mmBuki i\u0161kal\u0117jai: 12 x 10 x 130, 15 x 12 x 150 mmSmail\u016bs i\u0161kal\u0117jai: 4 x 10 x 120 mm<\/p>","protected":false},"excerpt":{"rendered":"<p>Kalt\u0173 ir i\u0161mu\u0161\u0117j\u0173 komplektas 6dali\u0173<\/p>","protected":false},"featured_media":320668,"comment_status":"open","ping_status":"open","template":"","meta":[],"product_cat":[9589],"product_tag":[9462],"class_list":{"0":"post-320666","1":"product","2":"type-product","3":"status-publish","4":"has-post-thumbnail","6":"product_brand-condor-werkzeug-vokietija","7":"product_cat-kaltai-ismusimui","8":"product_tag-condor-werkzeug-vokietija","10":"first","11":"instock","12":"purchasable","13":"product-type-simple"},"jetpack_sharing_enabled":true,"_links":{"self":[{"href":"https:\/\/irankiuzona.lt\/ru\/wp-json\/wp\/v2\/product\/320666","targetHints":{"allow":["GET"]}}],"collection":[{"href":"https:\/\/irankiuzona.lt\/ru\/wp-json\/wp\/v2\/product"}],"about":[{"href":"https:\/\/irankiuzona.lt\/ru\/wp-json\/wp\/v2\/types\/product"}],"replies":[{"embeddable":true,"href":"https:\/\/irankiuzona.lt\/ru\/wp-json\/wp\/v2\/comments?post=320666"}],"version-history":[{"count":1,"href":"https:\/\/irankiuzona.lt\/ru\/wp-json\/wp\/v2\/product\/320666\/revisions"}],"predecessor-version":[{"id":425262,"href":"https:\/\/irankiuzona.lt\/ru\/wp-json\/wp\/v2\/product\/320666\/revisions\/425262"}],"wp:featuredmedia":[{"embeddable":true,"href":"https:\/\/irankiuzona.lt\/ru\/wp-json\/wp\/v2\/media\/320668"}],"wp:attachment":[{"href":"https:\/\/irankiuzona.lt\/ru\/wp-json\/wp\/v2\/media?parent=320666"}],"wp:term":[{"taxonomy":"product_cat","embeddable":true,"href":"https:\/\/irankiuzona.lt\/ru\/wp-json\/wp\/v2\/product_cat?post=320666"},{"taxonomy":"product_tag","embeddable":true,"href":"https:\/\/irankiuzona.lt\/ru\/wp-json\/wp\/v2\/product_tag?post=320666"}],"curies":[{"name":"wp","href":"https:\/\/api.w.org\/{rel}","templated":true}]}}