{"id":320681,"date":"2024-09-29T14:06:58","date_gmt":"2024-09-29T14:06:58","guid":{"rendered":"https:\/\/irankiuzona.lt\/product\/karbidiniu-grezimo-karunu-komplektas-su-centravimu-12-30-mm\/"},"modified":"2026-04-16T20:55:24","modified_gmt":"2026-04-16T20:55:24","slug":"karbidiniu-grezimo-karunu-komplektas-su-centravimu-12-30-mm","status":"publish","type":"product","link":"https:\/\/irankiuzona.lt\/ru\/product\/karbidiniu-grezimo-karunu-komplektas-su-centravimu-12-30-mm\/","title":{"rendered":"Karbidini\u0173 gr\u0119\u017eimo kar\u016bn\u0173 komplektas su centravimu 12-30 mm"},"content":{"rendered":"<p>12, 14, 16, 18, 20, 22, 24, 25, 26, 28, 30mm<br \/>\nA\u0161menys pagaminti i\u0161 volframo karbido, pasi\u017eymintys daug didesniu kietumu ir atsparumu auk\u0161tai temperat\u016brai, lyginant su greitaeigiu HSS plienu.Skirtas didesnio skersmens skyl\u0117ms pliene, ketuje, spalvotuosiuose metaluose, medienoje, plastike ir kt.Pjovimo tikslumui padidinti naudojamas kreipiamasis gr\u0105\u017etas i\u0161 HSS plieno.Prie kreipiamojo gr\u0105\u017eto pritvirtinta spyruokl\u0117 leid\u017eia lengvai pa\u0161alinti i\u0161kast\u0105 med\u017eiag\u0105.<\/p>","protected":false},"excerpt":{"rendered":"<p>Karbidini\u0173 gr\u0119\u017eimo kar\u016bn\u0173 komplektas su centravimu 12-30 mm<\/p>","protected":false},"featured_media":320683,"comment_status":"open","ping_status":"closed","template":"","meta":[],"product_cat":[9710],"product_tag":[9462],"class_list":{"0":"post-320681","1":"product","2":"type-product","3":"status-publish","4":"has-post-thumbnail","6":"product_brand-condor-werkzeug-vokietija","7":"product_cat-grezimo-karunos-metalui-medziui","8":"product_tag-condor-werkzeug-vokietija","10":"first","11":"instock","12":"purchasable","13":"product-type-simple"},"jetpack_sharing_enabled":true,"_links":{"self":[{"href":"https:\/\/irankiuzona.lt\/ru\/wp-json\/wp\/v2\/product\/320681","targetHints":{"allow":["GET"]}}],"collection":[{"href":"https:\/\/irankiuzona.lt\/ru\/wp-json\/wp\/v2\/product"}],"about":[{"href":"https:\/\/irankiuzona.lt\/ru\/wp-json\/wp\/v2\/types\/product"}],"replies":[{"embeddable":true,"href":"https:\/\/irankiuzona.lt\/ru\/wp-json\/wp\/v2\/comments?post=320681"}],"version-history":[{"count":1,"href":"https:\/\/irankiuzona.lt\/ru\/wp-json\/wp\/v2\/product\/320681\/revisions"}],"predecessor-version":[{"id":425271,"href":"https:\/\/irankiuzona.lt\/ru\/wp-json\/wp\/v2\/product\/320681\/revisions\/425271"}],"wp:featuredmedia":[{"embeddable":true,"href":"https:\/\/irankiuzona.lt\/ru\/wp-json\/wp\/v2\/media\/320683"}],"wp:attachment":[{"href":"https:\/\/irankiuzona.lt\/ru\/wp-json\/wp\/v2\/media?parent=320681"}],"wp:term":[{"taxonomy":"product_cat","embeddable":true,"href":"https:\/\/irankiuzona.lt\/ru\/wp-json\/wp\/v2\/product_cat?post=320681"},{"taxonomy":"product_tag","embeddable":true,"href":"https:\/\/irankiuzona.lt\/ru\/wp-json\/wp\/v2\/product_tag?post=320681"}],"curies":[{"name":"wp","href":"https:\/\/api.w.org\/{rel}","templated":true}]}}