{"id":320702,"date":"2024-09-29T14:07:01","date_gmt":"2024-09-29T14:07:01","guid":{"rendered":"https:\/\/irankiuzona.lt\/product\/kaltu-ir-ismuseju-komplektas-8daliu\/"},"modified":"2026-04-13T04:01:31","modified_gmt":"2026-04-13T04:01:31","slug":"kaltu-ir-ismuseju-komplektas-8daliu","status":"publish","type":"product","link":"https:\/\/irankiuzona.lt\/ru\/product\/kaltu-ir-ismuseju-komplektas-8daliu\/","title":{"rendered":"Kalt\u0173 ir i\u0161mu\u0161\u0117j\u0173 komplektas 8dali\u0173"},"content":{"rendered":"<p>Kaltai: 15 x 150 mm Buki i\u0161kal\u0117jai: \u00f8 3, 4, 5, 6 ir 8 mm, 150 mm ilgioSmail\u016bs i\u0161kal\u0117jai: 3 x 150 mm 4 x 150 mm<\/p>","protected":false},"excerpt":{"rendered":"<p>Kalt\u0173 ir i\u0161mu\u0161\u0117j\u0173 komplektas 8dali\u0173<\/p>","protected":false},"featured_media":320704,"comment_status":"open","ping_status":"open","template":"","meta":[],"product_cat":[9589],"product_tag":[9462],"class_list":{"0":"post-320702","1":"product","2":"type-product","3":"status-publish","4":"has-post-thumbnail","6":"product_brand-condor-werkzeug-vokietija","7":"product_cat-kaltai-ismusimui","8":"product_tag-condor-werkzeug-vokietija","10":"first","11":"instock","12":"purchasable","13":"product-type-simple"},"jetpack_sharing_enabled":true,"_links":{"self":[{"href":"https:\/\/irankiuzona.lt\/ru\/wp-json\/wp\/v2\/product\/320702","targetHints":{"allow":["GET"]}}],"collection":[{"href":"https:\/\/irankiuzona.lt\/ru\/wp-json\/wp\/v2\/product"}],"about":[{"href":"https:\/\/irankiuzona.lt\/ru\/wp-json\/wp\/v2\/types\/product"}],"replies":[{"embeddable":true,"href":"https:\/\/irankiuzona.lt\/ru\/wp-json\/wp\/v2\/comments?post=320702"}],"version-history":[{"count":1,"href":"https:\/\/irankiuzona.lt\/ru\/wp-json\/wp\/v2\/product\/320702\/revisions"}],"predecessor-version":[{"id":425280,"href":"https:\/\/irankiuzona.lt\/ru\/wp-json\/wp\/v2\/product\/320702\/revisions\/425280"}],"wp:featuredmedia":[{"embeddable":true,"href":"https:\/\/irankiuzona.lt\/ru\/wp-json\/wp\/v2\/media\/320704"}],"wp:attachment":[{"href":"https:\/\/irankiuzona.lt\/ru\/wp-json\/wp\/v2\/media?parent=320702"}],"wp:term":[{"taxonomy":"product_cat","embeddable":true,"href":"https:\/\/irankiuzona.lt\/ru\/wp-json\/wp\/v2\/product_cat?post=320702"},{"taxonomy":"product_tag","embeddable":true,"href":"https:\/\/irankiuzona.lt\/ru\/wp-json\/wp\/v2\/product_tag?post=320702"}],"curies":[{"name":"wp","href":"https:\/\/api.w.org\/{rel}","templated":true}]}}