{"id":320732,"date":"2024-09-29T14:07:05","date_gmt":"2024-09-29T14:07:05","guid":{"rendered":"https:\/\/irankiuzona.lt\/product\/smuginiu-atsuktuvu-komplektas-7daliu-sl-ph\/"},"modified":"2026-05-16T08:12:40","modified_gmt":"2026-05-16T08:12:40","slug":"smuginiu-atsuktuvu-komplektas-7daliu-sl-ph","status":"publish","type":"product","link":"https:\/\/irankiuzona.lt\/ru\/product\/smuginiu-atsuktuvu-komplektas-7daliu-sl-ph\/","title":{"rendered":"Sm\u016bgini\u0173 atsuktuv\u0173 komplektas 7dali\u0173 (SL\/PH)"},"content":{"rendered":"<p>3&#215;75, 5.5&#215;125, 6.5&#215;125 and 8&#215;150 mmPH1x75, PH2x100 and PH3x150 mm<\/p>","protected":false},"excerpt":{"rendered":"<p>Sm\u016bgini\u0173 atsuktuv\u0173 komplektas 7dali\u0173 (SL\/PH)<\/p>","protected":false},"featured_media":320734,"comment_status":"open","ping_status":"closed","template":"","meta":[],"product_cat":[9829],"product_tag":[9462],"class_list":{"0":"post-320732","1":"product","2":"type-product","3":"status-publish","4":"has-post-thumbnail","6":"product_brand-condor-werkzeug-vokietija","7":"product_cat-kalami-atsuktuvai","8":"product_tag-condor-werkzeug-vokietija","10":"first","11":"instock","12":"purchasable","13":"product-type-simple"},"jetpack_sharing_enabled":true,"_links":{"self":[{"href":"https:\/\/irankiuzona.lt\/ru\/wp-json\/wp\/v2\/product\/320732","targetHints":{"allow":["GET"]}}],"collection":[{"href":"https:\/\/irankiuzona.lt\/ru\/wp-json\/wp\/v2\/product"}],"about":[{"href":"https:\/\/irankiuzona.lt\/ru\/wp-json\/wp\/v2\/types\/product"}],"replies":[{"embeddable":true,"href":"https:\/\/irankiuzona.lt\/ru\/wp-json\/wp\/v2\/comments?post=320732"}],"version-history":[{"count":1,"href":"https:\/\/irankiuzona.lt\/ru\/wp-json\/wp\/v2\/product\/320732\/revisions"}],"predecessor-version":[{"id":425294,"href":"https:\/\/irankiuzona.lt\/ru\/wp-json\/wp\/v2\/product\/320732\/revisions\/425294"}],"wp:featuredmedia":[{"embeddable":true,"href":"https:\/\/irankiuzona.lt\/ru\/wp-json\/wp\/v2\/media\/320734"}],"wp:attachment":[{"href":"https:\/\/irankiuzona.lt\/ru\/wp-json\/wp\/v2\/media?parent=320732"}],"wp:term":[{"taxonomy":"product_cat","embeddable":true,"href":"https:\/\/irankiuzona.lt\/ru\/wp-json\/wp\/v2\/product_cat?post=320732"},{"taxonomy":"product_tag","embeddable":true,"href":"https:\/\/irankiuzona.lt\/ru\/wp-json\/wp\/v2\/product_tag?post=320732"}],"curies":[{"name":"wp","href":"https:\/\/api.w.org\/{rel}","templated":true}]}}