{"id":320738,"date":"2024-09-29T14:07:05","date_gmt":"2024-09-29T14:07:05","guid":{"rendered":"https:\/\/irankiuzona.lt\/product\/preciziniu-repliu-komplektas-105-138-mm-5daliu\/"},"modified":"2026-04-10T14:14:55","modified_gmt":"2026-04-10T14:14:55","slug":"preciziniu-repliu-komplektas-105-138-mm-5daliu","status":"publish","type":"product","link":"https:\/\/irankiuzona.lt\/ru\/product\/preciziniu-repliu-komplektas-105-138-mm-5daliu\/","title":{"rendered":"Precizini\u0173 repli\u0173 komplektas (105-138 mm) 5dali\u0173"},"content":{"rendered":"<p>(105-138 mm)<\/p>","protected":false},"excerpt":{"rendered":"<p>Precizini\u0173 repli\u0173 komplektas (105-138 mm) 5dali\u0173<\/p>","protected":false},"featured_media":320740,"comment_status":"open","ping_status":"closed","template":"","meta":[],"product_cat":[9985],"product_tag":[9462],"class_list":{"0":"post-320738","1":"product","2":"type-product","3":"status-publish","4":"has-post-thumbnail","6":"product_brand-condor-werkzeug-vokietija","7":"product_cat-reples-precizines-mini","8":"product_tag-condor-werkzeug-vokietija","10":"first","11":"instock","12":"purchasable","13":"product-type-simple"},"jetpack_sharing_enabled":true,"_links":{"self":[{"href":"https:\/\/irankiuzona.lt\/ru\/wp-json\/wp\/v2\/product\/320738","targetHints":{"allow":["GET"]}}],"collection":[{"href":"https:\/\/irankiuzona.lt\/ru\/wp-json\/wp\/v2\/product"}],"about":[{"href":"https:\/\/irankiuzona.lt\/ru\/wp-json\/wp\/v2\/types\/product"}],"replies":[{"embeddable":true,"href":"https:\/\/irankiuzona.lt\/ru\/wp-json\/wp\/v2\/comments?post=320738"}],"version-history":[{"count":1,"href":"https:\/\/irankiuzona.lt\/ru\/wp-json\/wp\/v2\/product\/320738\/revisions"}],"predecessor-version":[{"id":425297,"href":"https:\/\/irankiuzona.lt\/ru\/wp-json\/wp\/v2\/product\/320738\/revisions\/425297"}],"wp:featuredmedia":[{"embeddable":true,"href":"https:\/\/irankiuzona.lt\/ru\/wp-json\/wp\/v2\/media\/320740"}],"wp:attachment":[{"href":"https:\/\/irankiuzona.lt\/ru\/wp-json\/wp\/v2\/media?parent=320738"}],"wp:term":[{"taxonomy":"product_cat","embeddable":true,"href":"https:\/\/irankiuzona.lt\/ru\/wp-json\/wp\/v2\/product_cat?post=320738"},{"taxonomy":"product_tag","embeddable":true,"href":"https:\/\/irankiuzona.lt\/ru\/wp-json\/wp\/v2\/product_tag?post=320738"}],"curies":[{"name":"wp","href":"https:\/\/api.w.org\/{rel}","templated":true}]}}