{"id":320744,"date":"2024-09-29T14:07:06","date_gmt":"2024-09-29T14:07:06","guid":{"rendered":"https:\/\/irankiuzona.lt\/product\/ipresuotu-antgaliu-komplektas-1-2-hex-6-17mm-7daliu\/"},"modified":"2026-04-16T16:17:20","modified_gmt":"2026-04-16T16:17:20","slug":"ipresuotu-antgaliu-komplektas-1-2-hex-6-17mm-7daliu","status":"publish","type":"product","link":"https:\/\/irankiuzona.lt\/ru\/product\/ipresuotu-antgaliu-komplektas-1-2-hex-6-17mm-7daliu\/","title":{"rendered":"\u012epresuot\u0173 antgali\u0173 komplektas 1\/2&quot; HEX 6-17mm. 7dali\u0173"},"content":{"rendered":"<p>1\/2&quot; :6, 7, 8, 10, 12, 14, 17mm.<\/p>","protected":false},"excerpt":{"rendered":"<p>\u012epresuot\u0173 antgali\u0173 komplektas 1\/2&quot; HEX 6-17mm. 7dali\u0173<\/p>","protected":false},"featured_media":320746,"comment_status":"open","ping_status":"open","template":"","meta":[],"product_cat":[9506],"product_tag":[9462],"class_list":{"0":"post-320744","1":"product","2":"type-product","3":"status-publish","4":"has-post-thumbnail","6":"product_brand-condor-werkzeug-vokietija","7":"product_cat-ipresuotu-antgaliu-komplektai","8":"product_tag-condor-werkzeug-vokietija","10":"first","11":"instock","12":"purchasable","13":"product-type-simple"},"jetpack_sharing_enabled":true,"_links":{"self":[{"href":"https:\/\/irankiuzona.lt\/ru\/wp-json\/wp\/v2\/product\/320744","targetHints":{"allow":["GET"]}}],"collection":[{"href":"https:\/\/irankiuzona.lt\/ru\/wp-json\/wp\/v2\/product"}],"about":[{"href":"https:\/\/irankiuzona.lt\/ru\/wp-json\/wp\/v2\/types\/product"}],"replies":[{"embeddable":true,"href":"https:\/\/irankiuzona.lt\/ru\/wp-json\/wp\/v2\/comments?post=320744"}],"version-history":[{"count":1,"href":"https:\/\/irankiuzona.lt\/ru\/wp-json\/wp\/v2\/product\/320744\/revisions"}],"predecessor-version":[{"id":425300,"href":"https:\/\/irankiuzona.lt\/ru\/wp-json\/wp\/v2\/product\/320744\/revisions\/425300"}],"wp:featuredmedia":[{"embeddable":true,"href":"https:\/\/irankiuzona.lt\/ru\/wp-json\/wp\/v2\/media\/320746"}],"wp:attachment":[{"href":"https:\/\/irankiuzona.lt\/ru\/wp-json\/wp\/v2\/media?parent=320744"}],"wp:term":[{"taxonomy":"product_cat","embeddable":true,"href":"https:\/\/irankiuzona.lt\/ru\/wp-json\/wp\/v2\/product_cat?post=320744"},{"taxonomy":"product_tag","embeddable":true,"href":"https:\/\/irankiuzona.lt\/ru\/wp-json\/wp\/v2\/product_tag?post=320744"}],"curies":[{"name":"wp","href":"https:\/\/api.w.org\/{rel}","templated":true}]}}