{"id":320791,"date":"2024-09-29T14:07:12","date_gmt":"2024-09-29T14:07:12","guid":{"rendered":"https:\/\/irankiuzona.lt\/product\/stalas-120x60x73-100-kg\/"},"modified":"2026-04-21T13:02:04","modified_gmt":"2026-04-21T13:02:04","slug":"stalas-120x60x73-100-kg","status":"publish","type":"product","link":"https:\/\/irankiuzona.lt\/ru\/product\/stalas-120x60x73-100-kg\/","title":{"rendered":"Stalas 120x60x73 100 kg"},"content":{"rendered":"<p>Techniniai duomenys:<br \/>\nstalvir\u0161io dydis: 120&#215;60 mmstalvir\u0161io storis: 15 mmauk\u0161tis: 73 cmreguliuojamos kojossustiprinta konstrukcijag\u0117rim\u0173 laikiklisausini\u0173 laikiklis2 angos laidamskeliamoji galia: 100 kg<\/p>","protected":false},"excerpt":{"rendered":"<p>Stalas 120x60x73 100 kg<\/p>","protected":false},"featured_media":320793,"comment_status":"open","ping_status":"open","template":"","meta":[],"product_cat":[9998],"product_tag":[10151],"class_list":{"0":"post-320791","1":"product","2":"type-product","3":"status-publish","4":"has-post-thumbnail","6":"product_brand-lenkija-tiekejas","7":"product_cat-patalpu-remonto-irankiai-maisai-tentai-peiliukai-markeriai-izoliacines-juostos","8":"product_tag-lenkija-tiekejas","10":"first","11":"outofstock","12":"purchasable","13":"product-type-simple"},"jetpack_sharing_enabled":true,"_links":{"self":[{"href":"https:\/\/irankiuzona.lt\/ru\/wp-json\/wp\/v2\/product\/320791","targetHints":{"allow":["GET"]}}],"collection":[{"href":"https:\/\/irankiuzona.lt\/ru\/wp-json\/wp\/v2\/product"}],"about":[{"href":"https:\/\/irankiuzona.lt\/ru\/wp-json\/wp\/v2\/types\/product"}],"replies":[{"embeddable":true,"href":"https:\/\/irankiuzona.lt\/ru\/wp-json\/wp\/v2\/comments?post=320791"}],"version-history":[{"count":1,"href":"https:\/\/irankiuzona.lt\/ru\/wp-json\/wp\/v2\/product\/320791\/revisions"}],"predecessor-version":[{"id":425351,"href":"https:\/\/irankiuzona.lt\/ru\/wp-json\/wp\/v2\/product\/320791\/revisions\/425351"}],"wp:featuredmedia":[{"embeddable":true,"href":"https:\/\/irankiuzona.lt\/ru\/wp-json\/wp\/v2\/media\/320793"}],"wp:attachment":[{"href":"https:\/\/irankiuzona.lt\/ru\/wp-json\/wp\/v2\/media?parent=320791"}],"wp:term":[{"taxonomy":"product_cat","embeddable":true,"href":"https:\/\/irankiuzona.lt\/ru\/wp-json\/wp\/v2\/product_cat?post=320791"},{"taxonomy":"product_tag","embeddable":true,"href":"https:\/\/irankiuzona.lt\/ru\/wp-json\/wp\/v2\/product_tag?post=320791"}],"curies":[{"name":"wp","href":"https:\/\/api.w.org\/{rel}","templated":true}]}}