{"id":320809,"date":"2024-09-29T14:07:33","date_gmt":"2024-09-29T14:07:33","guid":{"rendered":"https:\/\/irankiuzona.lt\/product\/universalus-raktas-skriemulio-dirzelio-itempimui\/"},"modified":"2026-04-16T11:05:45","modified_gmt":"2026-04-16T11:05:45","slug":"universalus-raktas-skriemulio-dirzelio-itempimui","status":"publish","type":"product","link":"https:\/\/irankiuzona.lt\/ru\/product\/universalus-raktas-skriemulio-dirzelio-itempimui\/","title":{"rendered":"Universalus raktas skriemulio, dir\u017eelio \u012ftempimui"},"content":{"rendered":"<p>Ilgis: 520mmDyd\u017eiai: 6-10, 8-11, 10-12, 11-16 mm<\/p>","protected":false},"excerpt":{"rendered":"<p>Universalus reguliuojamas raktas, \u012frankis skriemulio, dir\u017eelio \u012ftempimui (520mm)<\/p>","protected":false},"featured_media":320811,"comment_status":"open","ping_status":"open","template":"","meta":[],"product_cat":[9554],"product_tag":[9435],"class_list":{"0":"post-320809","1":"product","2":"type-product","3":"status-publish","4":"has-post-thumbnail","6":"product_brand-kinija","7":"product_cat-irankiai-dirzeliui-dirzo-itempimui","8":"product_tag-kinija","10":"first","11":"outofstock","12":"purchasable","13":"product-type-simple"},"jetpack_sharing_enabled":true,"_links":{"self":[{"href":"https:\/\/irankiuzona.lt\/ru\/wp-json\/wp\/v2\/product\/320809","targetHints":{"allow":["GET"]}}],"collection":[{"href":"https:\/\/irankiuzona.lt\/ru\/wp-json\/wp\/v2\/product"}],"about":[{"href":"https:\/\/irankiuzona.lt\/ru\/wp-json\/wp\/v2\/types\/product"}],"replies":[{"embeddable":true,"href":"https:\/\/irankiuzona.lt\/ru\/wp-json\/wp\/v2\/comments?post=320809"}],"version-history":[{"count":1,"href":"https:\/\/irankiuzona.lt\/ru\/wp-json\/wp\/v2\/product\/320809\/revisions"}],"predecessor-version":[{"id":425460,"href":"https:\/\/irankiuzona.lt\/ru\/wp-json\/wp\/v2\/product\/320809\/revisions\/425460"}],"wp:featuredmedia":[{"embeddable":true,"href":"https:\/\/irankiuzona.lt\/ru\/wp-json\/wp\/v2\/media\/320811"}],"wp:attachment":[{"href":"https:\/\/irankiuzona.lt\/ru\/wp-json\/wp\/v2\/media?parent=320809"}],"wp:term":[{"taxonomy":"product_cat","embeddable":true,"href":"https:\/\/irankiuzona.lt\/ru\/wp-json\/wp\/v2\/product_cat?post=320809"},{"taxonomy":"product_tag","embeddable":true,"href":"https:\/\/irankiuzona.lt\/ru\/wp-json\/wp\/v2\/product_tag?post=320809"}],"curies":[{"name":"wp","href":"https:\/\/api.w.org\/{rel}","templated":true}]}}