{"id":330524,"date":"2024-09-29T13:30:48","date_gmt":"2024-09-29T13:30:48","guid":{"rendered":"https:\/\/irankiuzona.lt\/product\/prozektorius-led-sulankstomas-li-ion\/"},"modified":"2026-05-09T05:58:23","modified_gmt":"2026-05-09T05:58:23","slug":"prozektorius-led-sulankstomas-li-ion","status":"publish","type":"product","link":"https:\/\/irankiuzona.lt\/ru\/product\/prozektorius-led-sulankstomas-li-ion\/","title":{"rendered":"Pro\u017eektorius LED sulankstomas Li-ion"},"content":{"rendered":"<p>3V SOV LED pagrindin\u0117 lempa.1W LED papildoma lempa.3,7v 1800mAh akumuliatorius2-6val darbo priklausomai nuo naudojamos \u0161viesos \u0161altinio.Pilnai pasikrauna per 3-4val.Baterijos idikatorius.Supakuota kartonin\u0117je de\u017eut\u0117je.Komplekte lempa ir pakrovimo laidas.<\/p>","protected":false},"excerpt":{"rendered":"<p>Pro\u017eektorius LED sulankstomas Li-ion<\/p>","protected":false},"featured_media":330526,"comment_status":"open","ping_status":"open","template":"","meta":[],"product_cat":[10161],"product_tag":[9898],"class_list":{"0":"post-330524","1":"product","2":"type-product","3":"status-publish","4":"has-post-thumbnail","6":"product_brand-avtodelo","7":"product_cat-sviestuvai-lempos-prozektoriai","8":"product_tag-avtodelo","10":"first","11":"outofstock","12":"purchasable","13":"product-type-simple"},"jetpack_sharing_enabled":true,"_links":{"self":[{"href":"https:\/\/irankiuzona.lt\/ru\/wp-json\/wp\/v2\/product\/330524","targetHints":{"allow":["GET"]}}],"collection":[{"href":"https:\/\/irankiuzona.lt\/ru\/wp-json\/wp\/v2\/product"}],"about":[{"href":"https:\/\/irankiuzona.lt\/ru\/wp-json\/wp\/v2\/types\/product"}],"replies":[{"embeddable":true,"href":"https:\/\/irankiuzona.lt\/ru\/wp-json\/wp\/v2\/comments?post=330524"}],"version-history":[{"count":1,"href":"https:\/\/irankiuzona.lt\/ru\/wp-json\/wp\/v2\/product\/330524\/revisions"}],"predecessor-version":[{"id":423194,"href":"https:\/\/irankiuzona.lt\/ru\/wp-json\/wp\/v2\/product\/330524\/revisions\/423194"}],"wp:featuredmedia":[{"embeddable":true,"href":"https:\/\/irankiuzona.lt\/ru\/wp-json\/wp\/v2\/media\/330526"}],"wp:attachment":[{"href":"https:\/\/irankiuzona.lt\/ru\/wp-json\/wp\/v2\/media?parent=330524"}],"wp:term":[{"taxonomy":"product_cat","embeddable":true,"href":"https:\/\/irankiuzona.lt\/ru\/wp-json\/wp\/v2\/product_cat?post=330524"},{"taxonomy":"product_tag","embeddable":true,"href":"https:\/\/irankiuzona.lt\/ru\/wp-json\/wp\/v2\/product_tag?post=330524"}],"curies":[{"name":"wp","href":"https:\/\/api.w.org\/{rel}","templated":true}]}}