{"id":330963,"date":"2024-09-29T14:05:26","date_gmt":"2024-09-29T14:05:26","guid":{"rendered":"https:\/\/irankiuzona.lt\/product\/pneumatine-slifavimo-poliravimo-masinele-su-priedais\/"},"modified":"2026-04-21T12:57:44","modified_gmt":"2026-04-21T12:57:44","slug":"pneumatine-slifavimo-poliravimo-masinele-su-priedais","status":"publish","type":"product","link":"https:\/\/irankiuzona.lt\/ru\/product\/pneumatine-slifavimo-poliravimo-masinele-su-priedais\/","title":{"rendered":"Pneumatin\u0117 \u0161lifavimo \/ poliravimo ma\u0161in\u0117l\u0117 su priedais"},"content":{"rendered":"<p>Laisvas greitis: 15 000 aps.\/min. Oro sl\u0117gis: 90 psi \/ 6,3 kg\/c\u33a1 Oro \u012fleidimo anga: (NPT\/PT): 1\/4 colio i\u0161metimas: gale Svoris: 1,53 svaro \/ 0,698 kg Ilgis: 3,42 colio \/ 87 mm \u0161lifavimo padas: 2 3 coli\u0173 \uff5c 50,8 \uff0c 76,2 mm triuk\u0161mo lygis: 108 dBA<\/p>","protected":false},"excerpt":{"rendered":"<p>Pneumatin\u0117 \u0161lifavimo \/ poliravimo ma\u0161in\u0117l\u0117 su priedais<\/p>","protected":false},"featured_media":330965,"comment_status":"open","ping_status":"open","template":"","meta":[],"product_cat":[9676],"product_tag":[9435],"class_list":{"0":"post-330963","1":"product","2":"type-product","3":"status-publish","4":"has-post-thumbnail","6":"product_brand-kinija","7":"product_cat-pneumatiniai-slifuokliai-ju-priedai","8":"product_tag-kinija","10":"first","11":"outofstock","12":"purchasable","13":"product-type-simple"},"jetpack_sharing_enabled":true,"_links":{"self":[{"href":"https:\/\/irankiuzona.lt\/ru\/wp-json\/wp\/v2\/product\/330963","targetHints":{"allow":["GET"]}}],"collection":[{"href":"https:\/\/irankiuzona.lt\/ru\/wp-json\/wp\/v2\/product"}],"about":[{"href":"https:\/\/irankiuzona.lt\/ru\/wp-json\/wp\/v2\/types\/product"}],"replies":[{"embeddable":true,"href":"https:\/\/irankiuzona.lt\/ru\/wp-json\/wp\/v2\/comments?post=330963"}],"version-history":[{"count":1,"href":"https:\/\/irankiuzona.lt\/ru\/wp-json\/wp\/v2\/product\/330963\/revisions"}],"predecessor-version":[{"id":424799,"href":"https:\/\/irankiuzona.lt\/ru\/wp-json\/wp\/v2\/product\/330963\/revisions\/424799"}],"wp:featuredmedia":[{"embeddable":true,"href":"https:\/\/irankiuzona.lt\/ru\/wp-json\/wp\/v2\/media\/330965"}],"wp:attachment":[{"href":"https:\/\/irankiuzona.lt\/ru\/wp-json\/wp\/v2\/media?parent=330963"}],"wp:term":[{"taxonomy":"product_cat","embeddable":true,"href":"https:\/\/irankiuzona.lt\/ru\/wp-json\/wp\/v2\/product_cat?post=330963"},{"taxonomy":"product_tag","embeddable":true,"href":"https:\/\/irankiuzona.lt\/ru\/wp-json\/wp\/v2\/product_tag?post=330963"}],"curies":[{"name":"wp","href":"https:\/\/api.w.org\/{rel}","templated":true}]}}