{"id":331063,"date":"2024-09-29T14:06:49","date_gmt":"2024-09-29T14:06:49","guid":{"rendered":"https:\/\/irankiuzona.lt\/product\/ipresuotu-antgaliu-komplektas-3-8-torx-10-55-10vnt\/"},"modified":"2026-04-14T21:39:34","modified_gmt":"2026-04-14T21:39:34","slug":"ipresuotu-antgaliu-komplektas-3-8-torx-10-55-10vnt","status":"publish","type":"product","link":"https:\/\/irankiuzona.lt\/ru\/product\/ipresuotu-antgaliu-komplektas-3-8-torx-10-55-10vnt\/","title":{"rendered":"\u012epresuot\u0173 antgali\u0173 komplektas 3\/8&quot; TORX (10-55) 10vnt."},"content":{"rendered":"<p>3\/8\u201d: T10, T15, T20, T25, T27, T30, T40, T45, T50, T55; Ilgis-50mm<\/p>","protected":false},"excerpt":{"rendered":"<p>\u012epresuot\u0173 antgali\u0173 komplektas 3\/8&quot; TORX (10-55) 10vnt.<\/p>","protected":false},"featured_media":331065,"comment_status":"open","ping_status":"open","template":"","meta":[],"product_cat":[9506],"product_tag":[10130],"class_list":{"0":"post-331063","1":"product","2":"type-product","3":"status-publish","4":"has-post-thumbnail","6":"product_brand-satra-lenkija","7":"product_cat-ipresuotu-antgaliu-komplektai","8":"product_tag-satra-lenkija","10":"first","11":"instock","12":"purchasable","13":"product-type-simple"},"jetpack_sharing_enabled":true,"_links":{"self":[{"href":"https:\/\/irankiuzona.lt\/ru\/wp-json\/wp\/v2\/product\/331063","targetHints":{"allow":["GET"]}}],"collection":[{"href":"https:\/\/irankiuzona.lt\/ru\/wp-json\/wp\/v2\/product"}],"about":[{"href":"https:\/\/irankiuzona.lt\/ru\/wp-json\/wp\/v2\/types\/product"}],"replies":[{"embeddable":true,"href":"https:\/\/irankiuzona.lt\/ru\/wp-json\/wp\/v2\/comments?post=331063"}],"version-history":[{"count":1,"href":"https:\/\/irankiuzona.lt\/ru\/wp-json\/wp\/v2\/product\/331063\/revisions"}],"predecessor-version":[{"id":425223,"href":"https:\/\/irankiuzona.lt\/ru\/wp-json\/wp\/v2\/product\/331063\/revisions\/425223"}],"wp:featuredmedia":[{"embeddable":true,"href":"https:\/\/irankiuzona.lt\/ru\/wp-json\/wp\/v2\/media\/331065"}],"wp:attachment":[{"href":"https:\/\/irankiuzona.lt\/ru\/wp-json\/wp\/v2\/media?parent=331063"}],"wp:term":[{"taxonomy":"product_cat","embeddable":true,"href":"https:\/\/irankiuzona.lt\/ru\/wp-json\/wp\/v2\/product_cat?post=331063"},{"taxonomy":"product_tag","embeddable":true,"href":"https:\/\/irankiuzona.lt\/ru\/wp-json\/wp\/v2\/product_tag?post=331063"}],"curies":[{"name":"wp","href":"https:\/\/api.w.org\/{rel}","templated":true}]}}