{"id":331072,"date":"2024-09-29T14:06:50","date_gmt":"2024-09-29T14:06:50","guid":{"rendered":"https:\/\/irankiuzona.lt\/product\/atsuktuvu-komplektas-elektrikui-vde-1000v-7vnt\/"},"modified":"2026-04-14T06:42:45","modified_gmt":"2026-04-14T06:42:45","slug":"atsuktuvu-komplektas-elektrikui-vde-1000v-7vnt","status":"publish","type":"product","link":"https:\/\/irankiuzona.lt\/ru\/product\/atsuktuvu-komplektas-elektrikui-vde-1000v-7vnt\/","title":{"rendered":"Atsuktuv\u0173 komplektas elektrikui VDE 1000V 7vnt"},"content":{"rendered":"<p>Izoliuoti plok\u0161ti antgaliai: 1,0 \u00d7 5,5 \u00d7 100, 0,8 \u00d7 4,0 \u00d7 100, 0,5 \u00d7 3,0 \u00d7 100 mmPhilips izoliuoti antgaliai: PH2X100, PH1X80 mm<\/p>","protected":false},"excerpt":{"rendered":"<p>Atsuktuv\u0173 komplektas elektrikui VDE 1000V 7vnt<\/p>","protected":false},"featured_media":331074,"comment_status":"open","ping_status":"open","template":"","meta":[],"product_cat":[9593],"product_tag":[10130],"class_list":{"0":"post-331072","1":"product","2":"type-product","3":"status-publish","4":"has-post-thumbnail","6":"product_brand-satra-lenkija","7":"product_cat-atsuktuvu-komplektai","8":"product_tag-satra-lenkija","10":"first","11":"instock","12":"purchasable","13":"product-type-simple"},"jetpack_sharing_enabled":true,"_links":{"self":[{"href":"https:\/\/irankiuzona.lt\/ru\/wp-json\/wp\/v2\/product\/331072","targetHints":{"allow":["GET"]}}],"collection":[{"href":"https:\/\/irankiuzona.lt\/ru\/wp-json\/wp\/v2\/product"}],"about":[{"href":"https:\/\/irankiuzona.lt\/ru\/wp-json\/wp\/v2\/types\/product"}],"replies":[{"embeddable":true,"href":"https:\/\/irankiuzona.lt\/ru\/wp-json\/wp\/v2\/comments?post=331072"}],"version-history":[{"count":1,"href":"https:\/\/irankiuzona.lt\/ru\/wp-json\/wp\/v2\/product\/331072\/revisions"}],"predecessor-version":[{"id":425228,"href":"https:\/\/irankiuzona.lt\/ru\/wp-json\/wp\/v2\/product\/331072\/revisions\/425228"}],"wp:featuredmedia":[{"embeddable":true,"href":"https:\/\/irankiuzona.lt\/ru\/wp-json\/wp\/v2\/media\/331074"}],"wp:attachment":[{"href":"https:\/\/irankiuzona.lt\/ru\/wp-json\/wp\/v2\/media?parent=331072"}],"wp:term":[{"taxonomy":"product_cat","embeddable":true,"href":"https:\/\/irankiuzona.lt\/ru\/wp-json\/wp\/v2\/product_cat?post=331072"},{"taxonomy":"product_tag","embeddable":true,"href":"https:\/\/irankiuzona.lt\/ru\/wp-json\/wp\/v2\/product_tag?post=331072"}],"curies":[{"name":"wp","href":"https:\/\/api.w.org\/{rel}","templated":true}]}}