{"id":331075,"date":"2024-09-29T14:06:50","date_gmt":"2024-09-29T14:06:50","guid":{"rendered":"https:\/\/irankiuzona.lt\/product\/zvakes-sriegio-lizdo-remonto-rinkinys-14x-1-25mm\/"},"modified":"2026-04-14T04:57:31","modified_gmt":"2026-04-14T04:57:31","slug":"zvakes-sriegio-lizdo-remonto-rinkinys-14x-1-25mm","status":"publish","type":"product","link":"https:\/\/irankiuzona.lt\/ru\/product\/zvakes-sriegio-lizdo-remonto-rinkinys-14x-1-25mm\/","title":{"rendered":"\u017dvak\u0117s sriegio lizdo remonto rinkinys 14X 1.25mm"},"content":{"rendered":"<p>HSS sriegiklis M10X1.0 su 10 mm M8X1.0 \u012fvor\u0117, 9,5 mm ilgioM8X1.0 \u012fvor\u0117, 11,5 mm ilgioM8X1.0 \u012fvor\u0117, 12,7 mm ilgioM8X1.0 \u012fvor\u0117, 19 mm ilgio<\/p>","protected":false},"excerpt":{"rendered":"<p>\u017dvak\u0117s sriegio lizdo remonto rinkinys 14X 1.25mm<\/p>","protected":false},"featured_media":331077,"comment_status":"open","ping_status":"open","template":"","meta":[],"product_cat":[9686],"product_tag":[10130],"class_list":{"0":"post-331075","1":"product","2":"type-product","3":"status-publish","4":"has-post-thumbnail","6":"product_brand-satra-lenkija","7":"product_cat-sriegiai-ivores-zvakems","8":"product_tag-satra-lenkija","10":"first","11":"instock","12":"purchasable","13":"product-type-simple"},"jetpack_sharing_enabled":true,"_links":{"self":[{"href":"https:\/\/irankiuzona.lt\/ru\/wp-json\/wp\/v2\/product\/331075","targetHints":{"allow":["GET"]}}],"collection":[{"href":"https:\/\/irankiuzona.lt\/ru\/wp-json\/wp\/v2\/product"}],"about":[{"href":"https:\/\/irankiuzona.lt\/ru\/wp-json\/wp\/v2\/types\/product"}],"replies":[{"embeddable":true,"href":"https:\/\/irankiuzona.lt\/ru\/wp-json\/wp\/v2\/comments?post=331075"}],"version-history":[{"count":1,"href":"https:\/\/irankiuzona.lt\/ru\/wp-json\/wp\/v2\/product\/331075\/revisions"}],"predecessor-version":[{"id":425229,"href":"https:\/\/irankiuzona.lt\/ru\/wp-json\/wp\/v2\/product\/331075\/revisions\/425229"}],"wp:featuredmedia":[{"embeddable":true,"href":"https:\/\/irankiuzona.lt\/ru\/wp-json\/wp\/v2\/media\/331077"}],"wp:attachment":[{"href":"https:\/\/irankiuzona.lt\/ru\/wp-json\/wp\/v2\/media?parent=331075"}],"wp:term":[{"taxonomy":"product_cat","embeddable":true,"href":"https:\/\/irankiuzona.lt\/ru\/wp-json\/wp\/v2\/product_cat?post=331075"},{"taxonomy":"product_tag","embeddable":true,"href":"https:\/\/irankiuzona.lt\/ru\/wp-json\/wp\/v2\/product_tag?post=331075"}],"curies":[{"name":"wp","href":"https:\/\/api.w.org\/{rel}","templated":true}]}}