{"id":331132,"date":"2024-09-29T14:07:13","date_gmt":"2024-09-29T14:07:13","guid":{"rendered":"https:\/\/irankiuzona.lt\/product\/tvirtinimo-dirzeliai-48x200mm-nylon-balti-25vnt\/"},"modified":"2026-04-16T07:16:00","modified_gmt":"2026-04-16T07:16:00","slug":"tvirtinimo-dirzeliai-48x200mm-nylon-balti-25vnt","status":"publish","type":"product","link":"https:\/\/irankiuzona.lt\/ru\/product\/tvirtinimo-dirzeliai-48x200mm-nylon-balti-25vnt\/","title":{"rendered":"Tvirtinimo dir\u017eeliai 4,8x200mm nylon, balti 25vnt"},"content":{"rendered":"<p>Dydis \u2013 4,8x200mmAtsparumas UV spinduliams \u2013 taipL\u016b\u017eimo j\u0117ga \u2013 8 kgDarbin\u0117 temperat\u016bra \u2013 nuo \u200b\u200b-40\u00b0C iki 85\u00b0CMed\u017eiaga \u2013 nailonas PA66Kiekis pakuot\u0117je \u2013 25 vnt<\/p>","protected":false},"excerpt":{"rendered":"<p>Tvirtinimo dir\u017eeliai 4,8x200mm nylon, balti 25vnt<\/p>","protected":false},"featured_media":331134,"comment_status":"open","ping_status":"open","template":"","meta":[],"product_cat":[9489],"product_tag":[9969],"class_list":{"0":"post-331132","1":"product","2":"type-product","3":"status-publish","4":"has-post-thumbnail","6":"product_brand-hogert-technik-vokietija","7":"product_cat-tvirtinimo-dirzeliai","8":"product_tag-hogert-technik-vokietija","10":"first","11":"instock","12":"purchasable","13":"product-type-simple"},"jetpack_sharing_enabled":true,"_links":{"self":[{"href":"https:\/\/irankiuzona.lt\/ru\/wp-json\/wp\/v2\/product\/331132","targetHints":{"allow":["GET"]}}],"collection":[{"href":"https:\/\/irankiuzona.lt\/ru\/wp-json\/wp\/v2\/product"}],"about":[{"href":"https:\/\/irankiuzona.lt\/ru\/wp-json\/wp\/v2\/types\/product"}],"replies":[{"embeddable":true,"href":"https:\/\/irankiuzona.lt\/ru\/wp-json\/wp\/v2\/comments?post=331132"}],"version-history":[{"count":1,"href":"https:\/\/irankiuzona.lt\/ru\/wp-json\/wp\/v2\/product\/331132\/revisions"}],"predecessor-version":[{"id":425356,"href":"https:\/\/irankiuzona.lt\/ru\/wp-json\/wp\/v2\/product\/331132\/revisions\/425356"}],"wp:featuredmedia":[{"embeddable":true,"href":"https:\/\/irankiuzona.lt\/ru\/wp-json\/wp\/v2\/media\/331134"}],"wp:attachment":[{"href":"https:\/\/irankiuzona.lt\/ru\/wp-json\/wp\/v2\/media?parent=331132"}],"wp:term":[{"taxonomy":"product_cat","embeddable":true,"href":"https:\/\/irankiuzona.lt\/ru\/wp-json\/wp\/v2\/product_cat?post=331132"},{"taxonomy":"product_tag","embeddable":true,"href":"https:\/\/irankiuzona.lt\/ru\/wp-json\/wp\/v2\/product_tag?post=331132"}],"curies":[{"name":"wp","href":"https:\/\/api.w.org\/{rel}","templated":true}]}}