{"id":331207,"date":"2024-09-29T14:07:20","date_gmt":"2024-09-29T14:07:20","guid":{"rendered":"https:\/\/irankiuzona.lt\/product\/tvirtinimo-dirzeliai-48x300mm-nylon-balti-25vnt\/"},"modified":"2026-05-09T08:43:36","modified_gmt":"2026-05-09T08:43:36","slug":"tvirtinimo-dirzeliai-48x300mm-nylon-balti-25vnt","status":"publish","type":"product","link":"https:\/\/irankiuzona.lt\/ru\/product\/tvirtinimo-dirzeliai-48x300mm-nylon-balti-25vnt\/","title":{"rendered":"Tvirtinimo dir\u017eeliai 4,8x300mm nylon, balti 25vnt"},"content":{"rendered":"<p>Dydis \u2013 4,8x300mmAtsparumas UV spinduliams \u2013 taipL\u016b\u017eimo j\u0117ga \u2013 8 kgDarbin\u0117 temperat\u016bra \u2013 nuo \u200b\u200b-40\u00b0C iki 85\u00b0CMed\u017eiaga \u2013 nailonas PA66Kiekis pakuot\u0117je \u2013 25 vnt<\/p>","protected":false},"excerpt":{"rendered":"<p>Tvirtinimo dir\u017eeliai 4,8x300mm nylon, balti 25vnt<\/p>","protected":false},"featured_media":331209,"comment_status":"open","ping_status":"open","template":"","meta":[],"product_cat":[9489],"product_tag":[9969],"class_list":{"0":"post-331207","1":"product","2":"type-product","3":"status-publish","4":"has-post-thumbnail","6":"product_brand-hogert-technik-vokietija","7":"product_cat-tvirtinimo-dirzeliai","8":"product_tag-hogert-technik-vokietija","10":"first","11":"instock","12":"purchasable","13":"product-type-simple"},"jetpack_sharing_enabled":true,"_links":{"self":[{"href":"https:\/\/irankiuzona.lt\/ru\/wp-json\/wp\/v2\/product\/331207","targetHints":{"allow":["GET"]}}],"collection":[{"href":"https:\/\/irankiuzona.lt\/ru\/wp-json\/wp\/v2\/product"}],"about":[{"href":"https:\/\/irankiuzona.lt\/ru\/wp-json\/wp\/v2\/types\/product"}],"replies":[{"embeddable":true,"href":"https:\/\/irankiuzona.lt\/ru\/wp-json\/wp\/v2\/comments?post=331207"}],"version-history":[{"count":1,"href":"https:\/\/irankiuzona.lt\/ru\/wp-json\/wp\/v2\/product\/331207\/revisions"}],"predecessor-version":[{"id":425394,"href":"https:\/\/irankiuzona.lt\/ru\/wp-json\/wp\/v2\/product\/331207\/revisions\/425394"}],"wp:featuredmedia":[{"embeddable":true,"href":"https:\/\/irankiuzona.lt\/ru\/wp-json\/wp\/v2\/media\/331209"}],"wp:attachment":[{"href":"https:\/\/irankiuzona.lt\/ru\/wp-json\/wp\/v2\/media?parent=331207"}],"wp:term":[{"taxonomy":"product_cat","embeddable":true,"href":"https:\/\/irankiuzona.lt\/ru\/wp-json\/wp\/v2\/product_cat?post=331207"},{"taxonomy":"product_tag","embeddable":true,"href":"https:\/\/irankiuzona.lt\/ru\/wp-json\/wp\/v2\/product_tag?post=331207"}],"curies":[{"name":"wp","href":"https:\/\/api.w.org\/{rel}","templated":true}]}}