{"id":331300,"date":"2024-09-29T14:07:28","date_gmt":"2024-09-29T14:07:28","guid":{"rendered":"https:\/\/irankiuzona.lt\/product\/ziedlapinis-diskas-medziui-metalui-125mm-p120\/"},"modified":"2026-04-14T22:36:55","modified_gmt":"2026-04-14T22:36:55","slug":"ziedlapinis-diskas-medziui-metalui-125mm-p120","status":"publish","type":"product","link":"https:\/\/irankiuzona.lt\/ru\/product\/ziedlapinis-diskas-medziui-metalui-125mm-p120\/","title":{"rendered":"\u017diedlapinis diskas med\u017eiui \/ metalui 125mm  P120"},"content":{"rendered":"<p>i\u0161orinis disko skersmuo &#8211; 125 mmvidinis disko skersmuo &#8211; 22,2 mmgranuliacija &#8211; 120disko tipas &#8211; \u017eiedlapinispritaikymas &#8211; plieno ir med\u017eio \u0161lifavimas<\/p>","protected":false},"excerpt":{"rendered":"<p>\u017diedlapinis diskas 125mm P120<\/p>","protected":false},"featured_media":331302,"comment_status":"open","ping_status":"open","template":"","meta":[],"product_cat":[9644],"product_tag":[10087],"class_list":{"0":"post-331300","1":"product","2":"type-product","3":"status-publish","4":"has-post-thumbnail","6":"product_brand-verke","7":"product_cat-ziedlapiniai-diskai","8":"product_tag-verke","10":"first","11":"instock","12":"purchasable","13":"product-type-simple"},"jetpack_sharing_enabled":true,"_links":{"self":[{"href":"https:\/\/irankiuzona.lt\/ru\/wp-json\/wp\/v2\/product\/331300","targetHints":{"allow":["GET"]}}],"collection":[{"href":"https:\/\/irankiuzona.lt\/ru\/wp-json\/wp\/v2\/product"}],"about":[{"href":"https:\/\/irankiuzona.lt\/ru\/wp-json\/wp\/v2\/types\/product"}],"replies":[{"embeddable":true,"href":"https:\/\/irankiuzona.lt\/ru\/wp-json\/wp\/v2\/comments?post=331300"}],"version-history":[{"count":1,"href":"https:\/\/irankiuzona.lt\/ru\/wp-json\/wp\/v2\/product\/331300\/revisions"}],"predecessor-version":[{"id":425433,"href":"https:\/\/irankiuzona.lt\/ru\/wp-json\/wp\/v2\/product\/331300\/revisions\/425433"}],"wp:featuredmedia":[{"embeddable":true,"href":"https:\/\/irankiuzona.lt\/ru\/wp-json\/wp\/v2\/media\/331302"}],"wp:attachment":[{"href":"https:\/\/irankiuzona.lt\/ru\/wp-json\/wp\/v2\/media?parent=331300"}],"wp:term":[{"taxonomy":"product_cat","embeddable":true,"href":"https:\/\/irankiuzona.lt\/ru\/wp-json\/wp\/v2\/product_cat?post=331300"},{"taxonomy":"product_tag","embeddable":true,"href":"https:\/\/irankiuzona.lt\/ru\/wp-json\/wp\/v2\/product_tag?post=331300"}],"curies":[{"name":"wp","href":"https:\/\/api.w.org\/{rel}","templated":true}]}}