{"id":331343,"date":"2024-09-29T14:07:31","date_gmt":"2024-09-29T14:07:31","guid":{"rendered":"https:\/\/irankiuzona.lt\/product\/pistoletas-dazymui-15mm-hvlp-profi\/"},"modified":"2026-05-09T06:55:46","modified_gmt":"2026-05-09T06:55:46","slug":"pistoletas-dazymui-15mm-hvlp-profi","status":"publish","type":"product","link":"https:\/\/irankiuzona.lt\/ru\/product\/pistoletas-dazymui-15mm-hvlp-profi\/","title":{"rendered":"Pistoletas da\u017eymui 1,5mm HVLP profi"},"content":{"rendered":"<p>TECHNINIAI DUOMENYS:<br \/>\nantgalis &#8211; 1,5 mmbako talpa &#8211; 600 mloro s\u0105naudos &#8211; 110-170 l\/mindarbinis sl\u0117gis &#8211; 2-3,5 barjungtis &#8211; 1\/4&#8243;vir\u0161utinis bakaspuikiai tinka da\u017eymo darbamsgalima dirbti su ma\u017eais kompresoriais.<\/p>","protected":false},"excerpt":{"rendered":"<p>Pistoletas da\u017eymui 1,5mm HVLP profi<\/p>","protected":false},"featured_media":331345,"comment_status":"open","ping_status":"closed","template":"","meta":[],"product_cat":[9739],"product_tag":[10087],"class_list":{"0":"post-331343","1":"product","2":"type-product","3":"status-publish","4":"has-post-thumbnail","6":"product_brand-verke","7":"product_cat-pistoletai-dazymui","8":"product_tag-verke","10":"first","11":"instock","12":"purchasable","13":"product-type-simple"},"jetpack_sharing_enabled":true,"_links":{"self":[{"href":"https:\/\/irankiuzona.lt\/ru\/wp-json\/wp\/v2\/product\/331343","targetHints":{"allow":["GET"]}}],"collection":[{"href":"https:\/\/irankiuzona.lt\/ru\/wp-json\/wp\/v2\/product"}],"about":[{"href":"https:\/\/irankiuzona.lt\/ru\/wp-json\/wp\/v2\/types\/product"}],"replies":[{"embeddable":true,"href":"https:\/\/irankiuzona.lt\/ru\/wp-json\/wp\/v2\/comments?post=331343"}],"version-history":[{"count":1,"href":"https:\/\/irankiuzona.lt\/ru\/wp-json\/wp\/v2\/product\/331343\/revisions"}],"predecessor-version":[{"id":425448,"href":"https:\/\/irankiuzona.lt\/ru\/wp-json\/wp\/v2\/product\/331343\/revisions\/425448"}],"wp:featuredmedia":[{"embeddable":true,"href":"https:\/\/irankiuzona.lt\/ru\/wp-json\/wp\/v2\/media\/331345"}],"wp:attachment":[{"href":"https:\/\/irankiuzona.lt\/ru\/wp-json\/wp\/v2\/media?parent=331343"}],"wp:term":[{"taxonomy":"product_cat","embeddable":true,"href":"https:\/\/irankiuzona.lt\/ru\/wp-json\/wp\/v2\/product_cat?post=331343"},{"taxonomy":"product_tag","embeddable":true,"href":"https:\/\/irankiuzona.lt\/ru\/wp-json\/wp\/v2\/product_tag?post=331343"}],"curies":[{"name":"wp","href":"https:\/\/api.w.org\/{rel}","templated":true}]}}