{"id":331368,"date":"2024-09-29T14:07:32","date_gmt":"2024-09-29T14:07:32","guid":{"rendered":"https:\/\/irankiuzona.lt\/product\/paskirstymo-dirzo-itempimo-irankis-jtd-multijet\/"},"modified":"2026-04-13T21:50:26","modified_gmt":"2026-04-13T21:50:26","slug":"paskirstymo-dirzo-itempimo-irankis-jtd-multijet","status":"publish","type":"product","link":"https:\/\/irankiuzona.lt\/ru\/product\/paskirstymo-dirzo-itempimo-irankis-jtd-multijet\/","title":{"rendered":"Paskirstymo dir\u017eo \u012ftempimo \u012frankis (JTD Multijet)"},"content":{"rendered":"<p>Alfa Romeo 145, 146, 147, 156, 159, 166, Brera, Giulietta, GT, Mito, Spider \/ 1.6JTDM &#8211; 1.9JTD &#8211; 1.9JTDM &#8211; 2.0JTD &#8211; 2.4JTD Fiat 500L, 500X, Brava, Bravo, Croma, Doblo, Ducato, Freemont, Grande Punto, ldea, Marea, Multipla, Punto, Sedici, Stilo \/ 1.6D &#8211; 2.0D &#8211; 1.9TD &#8211; 1.9JTD &#8211; 2.0JTD &#8211; 2.4TD &#8211; 2.4JTD Lancia Delta, Kappa, Kappa SW, Lybra, Lybra SW, Musa, Thesis \/ 1.6D &#8211; 1.9D &#8211; 2.0D &#8211; 1.9JTD &#8211; 2.4JTD Opel Astra H, Astra J, Cascada, Combo, lnsignia, Signum, Vectra C, Zafira B \/ 1.9CDTI &#8211; 2.0CDTI Saab 9-3 \/ 9-5 \/ 1.9TiD \/ TTiD &#8211; 2.0TiD &#8211; 2.2TTiD Suzuki SX4 \/ 1.9DDiS<\/p>","protected":false},"excerpt":{"rendered":"<p>Paskirstymo dir\u017eo \u012ftempimo \u012frankis (JTD Multijet) varikliams<\/p>","protected":false},"featured_media":331370,"comment_status":"open","ping_status":"open","template":"","meta":[],"product_cat":[9554],"product_tag":[9845],"class_list":{"0":"post-331368","1":"product","2":"type-product","3":"status-publish","4":"has-post-thumbnail","6":"product_brand-vokietija-germany","7":"product_cat-irankiai-dirzeliui-dirzo-itempimui","8":"product_tag-vokietija-germany","10":"first","11":"instock","12":"purchasable","13":"product-type-simple"},"jetpack_sharing_enabled":true,"_links":{"self":[{"href":"https:\/\/irankiuzona.lt\/ru\/wp-json\/wp\/v2\/product\/331368","targetHints":{"allow":["GET"]}}],"collection":[{"href":"https:\/\/irankiuzona.lt\/ru\/wp-json\/wp\/v2\/product"}],"about":[{"href":"https:\/\/irankiuzona.lt\/ru\/wp-json\/wp\/v2\/types\/product"}],"replies":[{"embeddable":true,"href":"https:\/\/irankiuzona.lt\/ru\/wp-json\/wp\/v2\/comments?post=331368"}],"version-history":[{"count":1,"href":"https:\/\/irankiuzona.lt\/ru\/wp-json\/wp\/v2\/product\/331368\/revisions"}],"predecessor-version":[{"id":425459,"href":"https:\/\/irankiuzona.lt\/ru\/wp-json\/wp\/v2\/product\/331368\/revisions\/425459"}],"wp:featuredmedia":[{"embeddable":true,"href":"https:\/\/irankiuzona.lt\/ru\/wp-json\/wp\/v2\/media\/331370"}],"wp:attachment":[{"href":"https:\/\/irankiuzona.lt\/ru\/wp-json\/wp\/v2\/media?parent=331368"}],"wp:term":[{"taxonomy":"product_cat","embeddable":true,"href":"https:\/\/irankiuzona.lt\/ru\/wp-json\/wp\/v2\/product_cat?post=331368"},{"taxonomy":"product_tag","embeddable":true,"href":"https:\/\/irankiuzona.lt\/ru\/wp-json\/wp\/v2\/product_tag?post=331368"}],"curies":[{"name":"wp","href":"https:\/\/api.w.org\/{rel}","templated":true}]}}